{"id":25547,"date":"2020-07-08T07:02:47","date_gmt":"2020-07-08T07:02:47","guid":{"rendered":"https:\/\/cosmewax.camsec.es\/portfolio\/"},"modified":"2025-09-08T08:55:47","modified_gmt":"2025-09-08T08:55:47","slug":"portfolio","status":"publish","type":"page","link":"https:\/\/cosmewax.camsec.es\/es?page_id=25547","title":{"rendered":"PORTFOLIO"},"content":{"rendered":"\t\t<div data-elementor-type=\"wp-page\" data-elementor-id=\"25547\" class=\"elementor elementor-25547 elementor-23894\">\n\t\t\t\t\t\t<section class=\"elementor-section elementor-top-section elementor-element elementor-element-34cdc71 elementor-hidden-tablet elementor-hidden-phone elementor-section-boxed elementor-section-height-default elementor-section-height-default parallax_section_no qode_elementor_container_no\" data-id=\"34cdc71\" data-element_type=\"section\" data-e-type=\"section\">\n\t\t\t\t\t\t<div class=\"elementor-container elementor-column-gap-default\">\n\t\t\t\t\t<div class=\"elementor-column elementor-col-100 elementor-top-column elementor-element elementor-element-aff7ea9\" data-id=\"aff7ea9\" data-element_type=\"column\" data-e-type=\"column\">\n\t\t\t<div class=\"elementor-widget-wrap elementor-element-populated\">\n\t\t\t\t\t\t<div class=\"elementor-element elementor-element-9ec9660 elementor-widget elementor-widget-spacer\" data-id=\"9ec9660\" data-element_type=\"widget\" data-e-type=\"widget\" data-widget_type=\"spacer.default\">\n\t\t\t\t\t\t\t<div class=\"elementor-spacer\">\n\t\t\t<div class=\"elementor-spacer-inner\"><\/div>\n\t\t<\/div>\n\t\t\t\t\t\t<\/div>\n\t\t\t\t\t<\/div>\n\t\t<\/div>\n\t\t\t\t\t<\/div>\n\t\t<\/section>\n\t\t\t\t<section class=\"elementor-section elementor-top-section elementor-element elementor-element-f5af55a elementor-hidden-desktop elementor-section-boxed elementor-section-height-default elementor-section-height-default parallax_section_no qode_elementor_container_no\" data-id=\"f5af55a\" data-element_type=\"section\" data-e-type=\"section\">\n\t\t\t\t\t\t<div class=\"elementor-container elementor-column-gap-default\">\n\t\t\t\t\t<div class=\"elementor-column elementor-col-100 elementor-top-column elementor-element elementor-element-5781c44\" data-id=\"5781c44\" data-element_type=\"column\" data-e-type=\"column\">\n\t\t\t<div class=\"elementor-widget-wrap elementor-element-populated\">\n\t\t\t\t\t\t<div class=\"elementor-element elementor-element-d4144ce elementor-widget elementor-widget-spacer\" data-id=\"d4144ce\" data-element_type=\"widget\" data-e-type=\"widget\" data-widget_type=\"spacer.default\">\n\t\t\t\t\t\t\t<div class=\"elementor-spacer\">\n\t\t\t<div class=\"elementor-spacer-inner\"><\/div>\n\t\t<\/div>\n\t\t\t\t\t\t<\/div>\n\t\t\t\t\t<\/div>\n\t\t<\/div>\n\t\t\t\t\t<\/div>\n\t\t<\/section>\n\t\t\t\t<section class=\"elementor-section elementor-top-section elementor-element elementor-element-0b3da98 elementor-hidden-tablet elementor-hidden-phone elementor-section-boxed elementor-section-height-default elementor-section-height-default parallax_section_no qode_elementor_container_no\" data-id=\"0b3da98\" data-element_type=\"section\" data-e-type=\"section\">\n\t\t\t\t\t\t<div class=\"elementor-container elementor-column-gap-default\">\n\t\t\t\t\t<div class=\"elementor-column elementor-col-100 elementor-top-column elementor-element elementor-element-4d03d9f\" data-id=\"4d03d9f\" data-element_type=\"column\" data-e-type=\"column\">\n\t\t\t<div class=\"elementor-widget-wrap elementor-element-populated\">\n\t\t\t\t\t\t<div class=\"elementor-element elementor-element-c8e95b1 elementor-widget elementor-widget-heading\" data-id=\"c8e95b1\" data-element_type=\"widget\" data-e-type=\"widget\" data-widget_type=\"heading.default\">\n\t\t\t\t\t<h1 class=\"elementor-heading-title elementor-size-default\">COSM\u00c9TICA PARA TERCEROS<br>PORTFOLIO<\/h1>\t\t\t\t<\/div>\n\t\t\t\t<div class=\"elementor-element elementor-element-2b03306 elementor-widget elementor-widget-spacer\" data-id=\"2b03306\" data-element_type=\"widget\" data-e-type=\"widget\" data-widget_type=\"spacer.default\">\n\t\t\t\t\t\t\t<div class=\"elementor-spacer\">\n\t\t\t<div class=\"elementor-spacer-inner\"><\/div>\n\t\t<\/div>\n\t\t\t\t\t\t<\/div>\n\t\t\t\t\t<\/div>\n\t\t<\/div>\n\t\t\t\t\t<\/div>\n\t\t<\/section>\n\t\t\t\t<section class=\"elementor-section elementor-top-section elementor-element elementor-element-b1dd67b elementor-hidden-desktop elementor-section-boxed elementor-section-height-default elementor-section-height-default parallax_section_no qode_elementor_container_no\" data-id=\"b1dd67b\" data-element_type=\"section\" data-e-type=\"section\">\n\t\t\t\t\t\t<div class=\"elementor-container elementor-column-gap-default\">\n\t\t\t\t\t<div class=\"elementor-column elementor-col-100 elementor-top-column elementor-element elementor-element-9f90682\" data-id=\"9f90682\" data-element_type=\"column\" data-e-type=\"column\">\n\t\t\t<div class=\"elementor-widget-wrap elementor-element-populated\">\n\t\t\t\t\t\t<div class=\"elementor-element elementor-element-d79cd3f elementor-widget elementor-widget-heading\" data-id=\"d79cd3f\" data-element_type=\"widget\" data-e-type=\"widget\" data-widget_type=\"heading.default\">\n\t\t\t\t\t<h3 class=\"elementor-heading-title elementor-size-default\">PORTFOLIO<\/h3>\t\t\t\t<\/div>\n\t\t\t\t<div class=\"elementor-element elementor-element-1587943 elementor-widget elementor-widget-spacer\" data-id=\"1587943\" data-element_type=\"widget\" data-e-type=\"widget\" data-widget_type=\"spacer.default\">\n\t\t\t\t\t\t\t<div class=\"elementor-spacer\">\n\t\t\t<div class=\"elementor-spacer-inner\"><\/div>\n\t\t<\/div>\n\t\t\t\t\t\t<\/div>\n\t\t\t\t\t<\/div>\n\t\t<\/div>\n\t\t\t\t\t<\/div>\n\t\t<\/section>\n\t\t\t\t<section class=\"elementor-section elementor-top-section elementor-element elementor-element-5201da7 elementor-section-stretched elementor-section-full_width elementor-section-height-default elementor-section-height-default parallax_section_no qode_elementor_container_no\" data-id=\"5201da7\" data-element_type=\"section\" data-e-type=\"section\" data-settings=\"{&quot;stretch_section&quot;:&quot;section-stretched&quot;}\">\n\t\t\t\t\t\t<div class=\"elementor-container elementor-column-gap-default\">\n\t\t\t\t\t<div class=\"elementor-column elementor-col-50 elementor-top-column elementor-element elementor-element-1808d7c\" data-id=\"1808d7c\" data-element_type=\"column\" data-e-type=\"column\">\n\t\t\t<div class=\"elementor-widget-wrap elementor-element-populated\">\n\t\t\t\t\t\t<div class=\"elementor-element elementor-element-cc65842 elementor-widget elementor-widget-bridge_image_with_text_over\" data-id=\"cc65842\" data-element_type=\"widget\" data-e-type=\"widget\" data-widget_type=\"bridge_image_with_text_over.default\">\n\t\t\t\t<div class=\"elementor-widget-container\">\n\t\t\t\t\t<div class=\"q_image_with_text_over q_iwto_hover\"><div class=\"shader\" style = \"background-color: rgba(254, 255, 255, 0)\"><\/div><div class=\"shader_hover\" style=\"background-color: rgba(84, 89, 95, 0.29)\"><\/div><img decoding=\"async\" itemprop=\"image\" src=\"https:\/\/cosmewax.camsec.es\/wp-content\/uploads\/2020\/05\/skincare-portfolio.jpg\" alt=\"Cuidado de la piel\" \/><div class=\"text\"><table><tr><td><h3 class=\"caption no_icon\" style=\"color: #577284;font-size: 40px;\">Cuidado de la piel<\/h3><\/td><\/tr><\/table><table><tr><td><div class=\"desc\"><p><a href=\"https:\/\/cosmewax.camsec.es\/es\/cosmewax\/cuidado-de-la-piel\/\">DESC\u00daBRELO<\/a><\/p><\/div><\/td><\/tr><\/table><\/div><\/div>\t\t\t\t<\/div>\n\t\t\t\t<\/div>\n\t\t\t\t\t<\/div>\n\t\t<\/div>\n\t\t\t\t<div class=\"elementor-column elementor-col-50 elementor-top-column elementor-element elementor-element-5656a47\" data-id=\"5656a47\" data-element_type=\"column\" data-e-type=\"column\">\n\t\t\t<div class=\"elementor-widget-wrap elementor-element-populated\">\n\t\t\t\t\t\t<div class=\"elementor-element elementor-element-a9fa092 elementor-widget elementor-widget-bridge_image_with_text_over\" data-id=\"a9fa092\" data-element_type=\"widget\" data-e-type=\"widget\" data-widget_type=\"bridge_image_with_text_over.default\">\n\t\t\t\t<div class=\"elementor-widget-container\">\n\t\t\t\t\t<div class=\"q_image_with_text_over q_iwto_hover\"><div class=\"shader\" style = \"background-color: rgba(2, 1, 1, 0)\"><\/div><div class=\"shader_hover\" style=\"background-color: rgba(84, 89, 95, 0.29)\"><\/div><img decoding=\"async\" itemprop=\"image\" src=\"https:\/\/cosmewax.camsec.es\/wp-content\/uploads\/2020\/05\/hairremoval-portfolio.jpg\" alt=\"Depilatorios\" \/><div class=\"text\"><table><tr><td><h3 class=\"caption no_icon\" style=\"color: #577284;font-size: 40px;\">Depilatorios<\/h3><\/td><\/tr><\/table><table><tr><td><div class=\"desc\"><p><a href=\"https:\/\/cosmewax.camsec.es\/es\/cosmewax\/depilatorios\/\">DESC\u00daBRELO<\/a><\/p><\/div><\/td><\/tr><\/table><\/div><\/div>\t\t\t\t<\/div>\n\t\t\t\t<\/div>\n\t\t\t\t\t<\/div>\n\t\t<\/div>\n\t\t\t\t\t<\/div>\n\t\t<\/section>\n\t\t\t\t<section class=\"elementor-section elementor-top-section elementor-element elementor-element-b88c35e elementor-section-boxed elementor-section-height-default elementor-section-height-default parallax_section_no qode_elementor_container_no\" data-id=\"b88c35e\" data-element_type=\"section\" data-e-type=\"section\">\n\t\t\t\t\t\t<div class=\"elementor-container elementor-column-gap-default\">\n\t\t\t\t\t<div class=\"elementor-column elementor-col-100 elementor-top-column elementor-element elementor-element-b67dad2\" data-id=\"b67dad2\" data-element_type=\"column\" data-e-type=\"column\">\n\t\t\t<div class=\"elementor-widget-wrap elementor-element-populated\">\n\t\t\t\t\t\t<div class=\"elementor-element elementor-element-e58ff91 elementor-widget elementor-widget-spacer\" data-id=\"e58ff91\" data-element_type=\"widget\" data-e-type=\"widget\" data-widget_type=\"spacer.default\">\n\t\t\t\t\t\t\t<div class=\"elementor-spacer\">\n\t\t\t<div class=\"elementor-spacer-inner\"><\/div>\n\t\t<\/div>\n\t\t\t\t\t\t<\/div>\n\t\t\t\t<div class=\"elementor-element elementor-element-f44bd09 elementor-widget elementor-widget-spacer\" data-id=\"f44bd09\" data-element_type=\"widget\" data-e-type=\"widget\" data-widget_type=\"spacer.default\">\n\t\t\t\t\t\t\t<div class=\"elementor-spacer\">\n\t\t\t<div class=\"elementor-spacer-inner\"><\/div>\n\t\t<\/div>\n\t\t\t\t\t\t<\/div>\n\t\t\t\t<div class=\"elementor-element elementor-element-87bcec1 elementor-widget elementor-widget-heading\" data-id=\"87bcec1\" data-element_type=\"widget\" data-e-type=\"widget\" data-widget_type=\"heading.default\">\n\t\t\t\t\t<h2 class=\"elementor-heading-title elementor-size-default\">COSM\u00c9TICA PARA TERCEROS<\/h2>\t\t\t\t<\/div>\n\t\t\t\t\t<\/div>\n\t\t<\/div>\n\t\t\t\t\t<\/div>\n\t\t<\/section>\n\t\t\t\t<section class=\"elementor-section elementor-top-section elementor-element elementor-element-7e3d3ee elementor-section-boxed elementor-section-height-default elementor-section-height-default parallax_section_no qode_elementor_container_no\" data-id=\"7e3d3ee\" data-element_type=\"section\" data-e-type=\"section\">\n\t\t\t\t\t\t<div class=\"elementor-container elementor-column-gap-default\">\n\t\t\t\t\t<div class=\"elementor-column elementor-col-100 elementor-top-column elementor-element elementor-element-b454991\" data-id=\"b454991\" data-element_type=\"column\" data-e-type=\"column\">\n\t\t\t<div class=\"elementor-widget-wrap elementor-element-populated\">\n\t\t\t\t\t\t<div class=\"elementor-element elementor-element-ab88323 elementor-widget elementor-widget-text-editor\" data-id=\"ab88323\" data-element_type=\"widget\" data-e-type=\"widget\" data-widget_type=\"text-editor.default\">\n\t\t\t\t\t\t\t\t\t<p style=\"text-align: center;\">Nuestra experiencia y los expertos que nos respaldan nos proporcionan un <span class=\"VIiyi\" lang=\"es\"><span class=\"JLqJ4b ChMk0b\" data-language-for-alternatives=\"es\" data-language-to-translate-into=\"en\" data-phrase-index=\"0\" data-number-of-phrases=\"5\"><span class=\"Q4iAWc\"><strong>excelente conocimiento<\/strong> en los campos del cuidado de la piel y la depilaci\u00f3n.<\/span><\/span><\/span><\/p><p>\u00a0<\/p><p style=\"text-align: center;\">Contamos con una amplia gama de clientes en todo el mundo y una incre\u00edble capacidad para crear l\u00edneas de cosm\u00e9tica para terceros que satisfagan todas y cada una de sus necesidades. Es la b\u00fasqueda de la <strong>innovaci\u00f3n, la vanguardia y la m\u00e1xima calidad<\/strong> lo que nos ha convertido en proveedores de muchas de las marcas cosm\u00e9ticas m\u00e1s importantes del panorama internacional.<\/p><p>\u00a0<\/p><p style=\"text-align: center;\">Toda la producci\u00f3n se realiza en nuestras f\u00e1bricas y estamos orgullosos de que vuestros productos est\u00e9n etiquetados como <strong>Made in Spain<\/strong>.<\/p>\t\t\t\t\t\t\t\t<\/div>\n\t\t\t\t\t<\/div>\n\t\t<\/div>\n\t\t\t\t\t<\/div>\n\t\t<\/section>\n\t\t\t\t<\/div>\n\t\t","protected":false},"excerpt":{"rendered":"<p>COSM\u00c9TICA PARA TERCEROSPORTFOLIO PORTFOLIO Cuidado de la piel DESC\u00daBRELO Depilatorios DESC\u00daBRELO COSM\u00c9TICA PARA TERCEROS Nuestra experiencia y los expertos que nos respaldan nos proporcionan un excelente conocimiento en los campos del cuidado de la piel y la depilaci\u00f3n. \u00a0 Contamos con una amplia gama de clientes en todo el mundo y una incre\u00edble capacidad para crear l\u00edneas de cosm\u00e9tica para&#8230;<\/p>\n","protected":false},"author":11,"featured_media":25394,"parent":0,"menu_order":0,"comment_status":"closed","ping_status":"closed","template":"","meta":{"_eb_attr":"","_uf_show_specific_survey":0,"_uf_disable_surveys":false,"footnotes":""},"class_list":["post-25547","page","type-page","status-publish","has-post-thumbnail","hentry"],"yoast_head":"<!-- This site is optimized with the Yoast SEO Premium plugin v27.1 (Yoast SEO v27.3) - https:\/\/yoast.com\/product\/yoast-seo-premium-wordpress\/ -->\n<title>Cosm\u00e9tica para terceros - Cosmewax<\/title>\n<meta name=\"description\" content=\"Descubre nuestro amplio portfolio de cosm\u00e9tica para terceros que incluye depilatorios y cuidado de la piel. Desarrolla tu marca con Cosmewax.\" \/>\n<meta name=\"robots\" content=\"noindex, follow, max-snippet:-1, max-image-preview:large, max-video-preview:-1\" \/>\n<meta name=\"twitter:card\" content=\"summary_large_image\" \/>\n<meta name=\"twitter:title\" content=\"Cosm\u00e9tica para terceros - Cosmewax\" \/>\n<meta name=\"twitter:description\" content=\"Descubre nuestro amplio portfolio de cosm\u00e9tica para terceros que incluye depilatorios y cuidado de la piel. Desarrolla tu marca con Cosmewax.\" \/>\n<meta name=\"twitter:image\" content=\"https:\/\/cosmewax.camsec.es\/wp-content\/uploads\/2020\/05\/skincare-portfolio.jpg\" \/>\n<meta name=\"twitter:site\" content=\"@CosmewaxSA\" \/>\n<meta name=\"twitter:label1\" content=\"Tiempo de lectura\" \/>\n\t<meta name=\"twitter:data1\" content=\"1 minuto\" \/>\n<script type=\"application\/ld+json\" class=\"yoast-schema-graph\">{\"@context\":\"https:\\\/\\\/schema.org\",\"@graph\":[{\"@type\":\"WebPage\",\"@id\":\"https:\\\/\\\/cosmewax.camsec.es\\\/es?page_id=25547\",\"url\":\"https:\\\/\\\/cosmewax.camsec.es\\\/es?page_id=25547\",\"name\":\"Cosm\u00e9tica para terceros - Cosmewax\",\"isPartOf\":{\"@id\":\"https:\\\/\\\/cosmewax.camsec.es\\\/es\\\/#website\"},\"primaryImageOfPage\":{\"@id\":\"https:\\\/\\\/cosmewax.camsec.es\\\/es?page_id=25547#primaryimage\"},\"image\":{\"@id\":\"https:\\\/\\\/cosmewax.camsec.es\\\/es?page_id=25547#primaryimage\"},\"thumbnailUrl\":\"https:\\\/\\\/cosmewax.camsec.es\\\/wp-content\\\/uploads\\\/2020\\\/05\\\/skincare-portfolio.jpg\",\"datePublished\":\"2020-07-08T07:02:47+00:00\",\"dateModified\":\"2025-09-08T08:55:47+00:00\",\"description\":\"Descubre nuestro amplio portfolio de cosm\u00e9tica para terceros que incluye depilatorios y cuidado de la piel. Desarrolla tu marca con Cosmewax.\",\"breadcrumb\":{\"@id\":\"https:\\\/\\\/cosmewax.camsec.es\\\/es?page_id=25547#breadcrumb\"},\"inLanguage\":\"es\",\"potentialAction\":[{\"@type\":\"ReadAction\",\"target\":[\"https:\\\/\\\/cosmewax.camsec.es\\\/es?page_id=25547\"]}]},{\"@type\":\"ImageObject\",\"inLanguage\":\"es\",\"@id\":\"https:\\\/\\\/cosmewax.camsec.es\\\/es?page_id=25547#primaryimage\",\"url\":\"https:\\\/\\\/cosmewax.camsec.es\\\/wp-content\\\/uploads\\\/2020\\\/05\\\/skincare-portfolio.jpg\",\"contentUrl\":\"https:\\\/\\\/cosmewax.camsec.es\\\/wp-content\\\/uploads\\\/2020\\\/05\\\/skincare-portfolio.jpg\",\"width\":1230,\"height\":800,\"caption\":\"cosm\u00e9tica-para-terceros\"},{\"@type\":\"BreadcrumbList\",\"@id\":\"https:\\\/\\\/cosmewax.camsec.es\\\/es?page_id=25547#breadcrumb\",\"itemListElement\":[{\"@type\":\"ListItem\",\"position\":1,\"name\":\"Home\",\"item\":\"https:\\\/\\\/cosmewax.camsec.es\\\/es\"},{\"@type\":\"ListItem\",\"position\":2,\"name\":\"PORTFOLIO\"}]},{\"@type\":\"WebSite\",\"@id\":\"https:\\\/\\\/cosmewax.camsec.es\\\/es\\\/#website\",\"url\":\"https:\\\/\\\/cosmewax.camsec.es\\\/es\\\/\",\"name\":\"Cosmewax\",\"description\":\"Private Label Cosmetics\",\"publisher\":{\"@id\":\"https:\\\/\\\/cosmewax.camsec.es\\\/es\\\/#organization\"},\"alternateName\":\"cmw\",\"potentialAction\":[{\"@type\":\"SearchAction\",\"target\":{\"@type\":\"EntryPoint\",\"urlTemplate\":\"https:\\\/\\\/cosmewax.camsec.es\\\/es\\\/?s={search_term_string}\"},\"query-input\":{\"@type\":\"PropertyValueSpecification\",\"valueRequired\":true,\"valueName\":\"search_term_string\"}}],\"inLanguage\":\"es\"},{\"@type\":\"Organization\",\"@id\":\"https:\\\/\\\/cosmewax.camsec.es\\\/es\\\/#organization\",\"name\":\"COSMEWAX\",\"alternateName\":\"cmw\",\"url\":\"https:\\\/\\\/cosmewax.camsec.es\\\/es\\\/\",\"logo\":{\"@type\":\"ImageObject\",\"inLanguage\":\"es\",\"@id\":\"https:\\\/\\\/cosmewax.camsec.es\\\/es\\\/#\\\/schema\\\/logo\\\/image\\\/\",\"url\":\"https:\\\/\\\/cosmewax.camsec.es\\\/wp-content\\\/uploads\\\/2026\\\/01\\\/Cosmewax-logo.png\",\"contentUrl\":\"https:\\\/\\\/cosmewax.camsec.es\\\/wp-content\\\/uploads\\\/2026\\\/01\\\/Cosmewax-logo.png\",\"width\":696,\"height\":696,\"caption\":\"COSMEWAX\"},\"image\":{\"@id\":\"https:\\\/\\\/cosmewax.camsec.es\\\/es\\\/#\\\/schema\\\/logo\\\/image\\\/\"},\"sameAs\":[\"https:\\\/\\\/x.com\\\/CosmewaxSA\",\"https:\\\/\\\/www.linkedin.com\\\/company\\\/cosmewax\\\/\",\"https:\\\/\\\/www.youtube.com\\\/channel\\\/UCWLfGt2SC_-O0acm8qRnMnQ\"],\"description\":\"With more than 60 years of experience in the cosmetics sector, Cosmewax is a leading private label cosmetics company. It is an expert in the development and manufacturing of private label skincare and hair removal products for retailers and brands. We export over 95% of our production to over 50 countries on 5 continents. We offer a comprehensive and flexible customer-oriented service: assessment, definition, design, manufacturing, delivery and project monitoring. Our two GMP-certified skincare sites exemplify our turnkey cosmetics manufacturing capabilities. Our cosmetics factories are equipped with the most advanced infrastructure and technology to guarantee our customers the highest quality skin care and hair removal products. Accordingly, this enables us to manufacture and package the widest range of cosmetics to meet market demands and customer needs. As custom label cosmetics manufacturers, our goal is to ensure the final product lives up to expectations. We take into account your timing, target cost and quality specifications to come up with creative solutions. Do you need speed? We have a constantly evolving library of cosmetic formulas for orders that require agile deliveries. Do you want exclusive products? We provide you with all our capacity for innovation to develop products that revolutionize the market. We carry out the integral design, formula + packaging. That is why our motto is: You dream, we manufacture.\",\"email\":\"info@cosmewax.camsec.es\",\"telephone\":\"+34956143302\",\"legalName\":\"Cosmewax S.A.\",\"foundingDate\":\"1960-12-02\",\"vatID\":\"A78118601\",\"numberOfEmployees\":{\"@type\":\"QuantitativeValue\",\"minValue\":\"201\",\"maxValue\":\"500\"}}]}<\/script>\n<!-- \/ Yoast SEO Premium plugin. -->","yoast_head_json":{"title":"Cosm\u00e9tica para terceros - Cosmewax","description":"Descubre nuestro amplio portfolio de cosm\u00e9tica para terceros que incluye depilatorios y cuidado de la piel. Desarrolla tu marca con Cosmewax.","robots":{"index":"noindex","follow":"follow","max-snippet":"max-snippet:-1","max-image-preview":"max-image-preview:large","max-video-preview":"max-video-preview:-1"},"twitter_card":"summary_large_image","twitter_title":"Cosm\u00e9tica para terceros - Cosmewax","twitter_description":"Descubre nuestro amplio portfolio de cosm\u00e9tica para terceros que incluye depilatorios y cuidado de la piel. Desarrolla tu marca con Cosmewax.","twitter_image":"https:\/\/cosmewax.camsec.es\/wp-content\/uploads\/2020\/05\/skincare-portfolio.jpg","twitter_site":"@CosmewaxSA","twitter_misc":{"Tiempo de lectura":"1 minuto"},"schema":{"@context":"https:\/\/schema.org","@graph":[{"@type":"WebPage","@id":"https:\/\/cosmewax.camsec.es\/es?page_id=25547","url":"https:\/\/cosmewax.camsec.es\/es?page_id=25547","name":"Cosm\u00e9tica para terceros - Cosmewax","isPartOf":{"@id":"https:\/\/cosmewax.camsec.es\/es\/#website"},"primaryImageOfPage":{"@id":"https:\/\/cosmewax.camsec.es\/es?page_id=25547#primaryimage"},"image":{"@id":"https:\/\/cosmewax.camsec.es\/es?page_id=25547#primaryimage"},"thumbnailUrl":"https:\/\/cosmewax.camsec.es\/wp-content\/uploads\/2020\/05\/skincare-portfolio.jpg","datePublished":"2020-07-08T07:02:47+00:00","dateModified":"2025-09-08T08:55:47+00:00","description":"Descubre nuestro amplio portfolio de cosm\u00e9tica para terceros que incluye depilatorios y cuidado de la piel. Desarrolla tu marca con Cosmewax.","breadcrumb":{"@id":"https:\/\/cosmewax.camsec.es\/es?page_id=25547#breadcrumb"},"inLanguage":"es","potentialAction":[{"@type":"ReadAction","target":["https:\/\/cosmewax.camsec.es\/es?page_id=25547"]}]},{"@type":"ImageObject","inLanguage":"es","@id":"https:\/\/cosmewax.camsec.es\/es?page_id=25547#primaryimage","url":"https:\/\/cosmewax.camsec.es\/wp-content\/uploads\/2020\/05\/skincare-portfolio.jpg","contentUrl":"https:\/\/cosmewax.camsec.es\/wp-content\/uploads\/2020\/05\/skincare-portfolio.jpg","width":1230,"height":800,"caption":"cosm\u00e9tica-para-terceros"},{"@type":"BreadcrumbList","@id":"https:\/\/cosmewax.camsec.es\/es?page_id=25547#breadcrumb","itemListElement":[{"@type":"ListItem","position":1,"name":"Home","item":"https:\/\/cosmewax.camsec.es\/es"},{"@type":"ListItem","position":2,"name":"PORTFOLIO"}]},{"@type":"WebSite","@id":"https:\/\/cosmewax.camsec.es\/es\/#website","url":"https:\/\/cosmewax.camsec.es\/es\/","name":"Cosmewax","description":"Private Label Cosmetics","publisher":{"@id":"https:\/\/cosmewax.camsec.es\/es\/#organization"},"alternateName":"cmw","potentialAction":[{"@type":"SearchAction","target":{"@type":"EntryPoint","urlTemplate":"https:\/\/cosmewax.camsec.es\/es\/?s={search_term_string}"},"query-input":{"@type":"PropertyValueSpecification","valueRequired":true,"valueName":"search_term_string"}}],"inLanguage":"es"},{"@type":"Organization","@id":"https:\/\/cosmewax.camsec.es\/es\/#organization","name":"COSMEWAX","alternateName":"cmw","url":"https:\/\/cosmewax.camsec.es\/es\/","logo":{"@type":"ImageObject","inLanguage":"es","@id":"https:\/\/cosmewax.camsec.es\/es\/#\/schema\/logo\/image\/","url":"https:\/\/cosmewax.camsec.es\/wp-content\/uploads\/2026\/01\/Cosmewax-logo.png","contentUrl":"https:\/\/cosmewax.camsec.es\/wp-content\/uploads\/2026\/01\/Cosmewax-logo.png","width":696,"height":696,"caption":"COSMEWAX"},"image":{"@id":"https:\/\/cosmewax.camsec.es\/es\/#\/schema\/logo\/image\/"},"sameAs":["https:\/\/x.com\/CosmewaxSA","https:\/\/www.linkedin.com\/company\/cosmewax\/","https:\/\/www.youtube.com\/channel\/UCWLfGt2SC_-O0acm8qRnMnQ"],"description":"With more than 60 years of experience in the cosmetics sector, Cosmewax is a leading private label cosmetics company. It is an expert in the development and manufacturing of private label skincare and hair removal products for retailers and brands. We export over 95% of our production to over 50 countries on 5 continents. We offer a comprehensive and flexible customer-oriented service: assessment, definition, design, manufacturing, delivery and project monitoring. Our two GMP-certified skincare sites exemplify our turnkey cosmetics manufacturing capabilities. Our cosmetics factories are equipped with the most advanced infrastructure and technology to guarantee our customers the highest quality skin care and hair removal products. Accordingly, this enables us to manufacture and package the widest range of cosmetics to meet market demands and customer needs. As custom label cosmetics manufacturers, our goal is to ensure the final product lives up to expectations. We take into account your timing, target cost and quality specifications to come up with creative solutions. Do you need speed? We have a constantly evolving library of cosmetic formulas for orders that require agile deliveries. Do you want exclusive products? We provide you with all our capacity for innovation to develop products that revolutionize the market. We carry out the integral design, formula + packaging. That is why our motto is: You dream, we manufacture.","email":"info@cosmewax.camsec.es","telephone":"+34956143302","legalName":"Cosmewax S.A.","foundingDate":"1960-12-02","vatID":"A78118601","numberOfEmployees":{"@type":"QuantitativeValue","minValue":"201","maxValue":"500"}}]}},"_links":{"self":[{"href":"https:\/\/cosmewax.camsec.es\/es\/index.php?rest_route=\/wp\/v2\/pages\/25547","targetHints":{"allow":["GET"]}}],"collection":[{"href":"https:\/\/cosmewax.camsec.es\/es\/index.php?rest_route=\/wp\/v2\/pages"}],"about":[{"href":"https:\/\/cosmewax.camsec.es\/es\/index.php?rest_route=\/wp\/v2\/types\/page"}],"author":[{"embeddable":true,"href":"https:\/\/cosmewax.camsec.es\/es\/index.php?rest_route=\/wp\/v2\/users\/11"}],"replies":[{"embeddable":true,"href":"https:\/\/cosmewax.camsec.es\/es\/index.php?rest_route=%2Fwp%2Fv2%2Fcomments&post=25547"}],"version-history":[{"count":3,"href":"https:\/\/cosmewax.camsec.es\/es\/index.php?rest_route=\/wp\/v2\/pages\/25547\/revisions"}],"predecessor-version":[{"id":36911,"href":"https:\/\/cosmewax.camsec.es\/es\/index.php?rest_route=\/wp\/v2\/pages\/25547\/revisions\/36911"}],"wp:featuredmedia":[{"embeddable":true,"href":"https:\/\/cosmewax.camsec.es\/es\/index.php?rest_route=\/wp\/v2\/media\/25394"}],"wp:attachment":[{"href":"https:\/\/cosmewax.camsec.es\/es\/index.php?rest_route=%2Fwp%2Fv2%2Fmedia&parent=25547"}],"curies":[{"name":"wp","href":"https:\/\/api.w.org\/{rel}","templated":true}]}}