{"id":25589,"date":"2020-03-11T20:21:49","date_gmt":"2020-03-11T20:21:49","guid":{"rendered":"https:\/\/cosmewax.camsec.es\/product\/crema-depilatoria-axilas\/"},"modified":"2025-12-30T10:40:23","modified_gmt":"2025-12-30T10:40:23","slug":"crema-depilatoria-axilas","status":"publish","type":"product","link":"https:\/\/cosmewax.camsec.es\/es?product=crema-depilatoria-axilas","title":{"rendered":"CREMA DEPILATORIA AXILAS"},"content":{"rendered":"\t\t<div data-elementor-type=\"wp-post\" data-elementor-id=\"25589\" class=\"elementor elementor-25589 elementor-21980\">\n\t\t\t\t\t\t<section class=\"elementor-section elementor-top-section elementor-element elementor-element-c56f6e3 elementor-section-boxed elementor-section-height-default elementor-section-height-default parallax_section_no qode_elementor_container_no\" data-id=\"c56f6e3\" data-element_type=\"section\" data-e-type=\"section\">\n\t\t\t\t\t\t<div class=\"elementor-container elementor-column-gap-default\">\n\t\t\t\t\t<div class=\"elementor-column elementor-col-100 elementor-top-column elementor-element elementor-element-101abdb\" data-id=\"101abdb\" data-element_type=\"column\" data-e-type=\"column\">\n\t\t\t<div class=\"elementor-widget-wrap elementor-element-populated\">\n\t\t\t\t\t\t<div class=\"elementor-element elementor-element-1bc2359 elementor-widget elementor-widget-toggle\" data-id=\"1bc2359\" data-element_type=\"widget\" data-e-type=\"widget\" data-widget_type=\"toggle.default\">\n\t\t\t\t\t\t\t<div class=\"elementor-toggle\">\n\t\t\t\t\t\t\t<div class=\"elementor-toggle-item\">\n\t\t\t\t\t<h6 id=\"elementor-tab-title-2911\" class=\"elementor-tab-title\" data-tab=\"1\" role=\"button\" aria-controls=\"elementor-tab-content-2911\" aria-expanded=\"false\">\n\t\t\t\t\t\t\t\t\t\t\t\t<span class=\"elementor-toggle-icon elementor-toggle-icon-left\" aria-hidden=\"true\">\n\t\t\t\t\t\t\t\t\t\t\t\t\t\t\t<span class=\"elementor-toggle-icon-closed\"><svg class=\"e-font-icon-svg e-fas-caret-right\" viewBox=\"0 0 192 512\" xmlns=\"http:\/\/www.w3.org\/2000\/svg\"><path d=\"M0 384.662V127.338c0-17.818 21.543-26.741 34.142-14.142l128.662 128.662c7.81 7.81 7.81 20.474 0 28.284L34.142 398.804C21.543 411.404 0 402.48 0 384.662z\"><\/path><\/svg><\/span>\n\t\t\t\t\t\t\t\t<span class=\"elementor-toggle-icon-opened\"><svg class=\"elementor-toggle-icon-opened e-font-icon-svg e-fas-caret-up\" viewBox=\"0 0 320 512\" xmlns=\"http:\/\/www.w3.org\/2000\/svg\"><path d=\"M288.662 352H31.338c-17.818 0-26.741-21.543-14.142-34.142l128.662-128.662c7.81-7.81 20.474-7.81 28.284 0l128.662 128.662c12.6 12.599 3.676 34.142-14.142 34.142z\"><\/path><\/svg><\/span>\n\t\t\t\t\t\t\t\t\t\t\t\t\t<\/span>\n\t\t\t\t\t\t\t\t\t\t\t\t<a class=\"elementor-toggle-title\" tabindex=\"0\">Cuidado de la piel<\/a>\n\t\t\t\t\t<\/h6>\n\n\t\t\t\t\t<div id=\"elementor-tab-content-2911\" class=\"elementor-tab-content elementor-clearfix\" data-tab=\"1\" role=\"region\" aria-labelledby=\"elementor-tab-title-2911\"><p>F\u00f3rmulas efectivas y respetuosas con la piel: Un tratamiento r\u00e1pido y f\u00e1cil que deja la piel suave, hidratada y sin vello.\n<\/p>\n<p>No contiene micropl\u00e1sticos.<\/p>\n<\/div>\n\t\t\t\t<\/div>\n\t\t\t\t\t\t\t<div class=\"elementor-toggle-item\">\n\t\t\t\t\t<h6 id=\"elementor-tab-title-2912\" class=\"elementor-tab-title\" data-tab=\"2\" role=\"button\" aria-controls=\"elementor-tab-content-2912\" aria-expanded=\"false\">\n\t\t\t\t\t\t\t\t\t\t\t\t<span class=\"elementor-toggle-icon elementor-toggle-icon-left\" aria-hidden=\"true\">\n\t\t\t\t\t\t\t\t\t\t\t\t\t\t\t<span class=\"elementor-toggle-icon-closed\"><svg class=\"e-font-icon-svg e-fas-caret-right\" viewBox=\"0 0 192 512\" xmlns=\"http:\/\/www.w3.org\/2000\/svg\"><path d=\"M0 384.662V127.338c0-17.818 21.543-26.741 34.142-14.142l128.662 128.662c7.81 7.81 7.81 20.474 0 28.284L34.142 398.804C21.543 411.404 0 402.48 0 384.662z\"><\/path><\/svg><\/span>\n\t\t\t\t\t\t\t\t<span class=\"elementor-toggle-icon-opened\"><svg class=\"elementor-toggle-icon-opened e-font-icon-svg e-fas-caret-up\" viewBox=\"0 0 320 512\" xmlns=\"http:\/\/www.w3.org\/2000\/svg\"><path d=\"M288.662 352H31.338c-17.818 0-26.741-21.543-14.142-34.142l128.662-128.662c7.81-7.81 20.474-7.81 28.284 0l128.662 128.662c12.6 12.599 3.676 34.142-14.142 34.142z\"><\/path><\/svg><\/span>\n\t\t\t\t\t\t\t\t\t\t\t\t\t<\/span>\n\t\t\t\t\t\t\t\t\t\t\t\t<a class=\"elementor-toggle-title\" tabindex=\"0\">Informaci\u00f3n adicional<\/a>\n\t\t\t\t\t<\/h6>\n\n\t\t\t\t\t<div id=\"elementor-tab-content-2912\" class=\"elementor-tab-content elementor-clearfix\" data-tab=\"2\" role=\"region\" aria-labelledby=\"elementor-tab-title-2912\"><p><strong>F\u00f3rmula personalizable con una amplia variedad de extractos, fragancias y colores.<\/p>\n<\/div>\n\t\t\t\t<\/div>\n\t\t\t\t\t\t\t\t<\/div>\n\t\t\t\t\t\t<\/div>\n\t\t\t\t\t<\/div>\n\t\t<\/div>\n\t\t\t\t\t<\/div>\n\t\t<\/section>\n\t\t\t\t<\/div>\n\t\t","protected":false},"excerpt":{"rendered":"<p>La crema depilatoria axilas es un m\u00e9todo r\u00e1pido y sencillo para eliminar sin esfuerzo el vello no deseado.<\/p>\n<p>La punta curva de este pr\u00e1ctico dise\u00f1o tiene una forma perfecta para la zona de las axilas, lo que permite una aplicaci\u00f3n r\u00e1pida y sencilla.<\/p>\n<p>Permite aplicar y esparcir la crema directamente desde el tubo. Tras dejar actuar el producto durante el tiempo recomendado en las instrucciones de uso, <span class=\"a-list-item\">enjuaga la piel con agua para eliminar la crema y s\u00e9cala \u00a1Suavidad garantizada!<\/span><\/p>\n<p>Apta para pieles sensibles.<\/p>\n<p>&nbsp;<\/p>\n<p><strong>Cosmewax<\/strong> &#8211; Fabricante\u00a0 crema depilatoria axilas.<\/p>\n","protected":false},"featured_media":25365,"template":"","meta":{"_eb_attr":"","_uf_show_specific_survey":0,"_uf_disable_surveys":false},"product_brand":[],"product_cat":[105],"product_tag":[628,629,852,630,627],"class_list":{"0":"post-25589","1":"product","2":"type-product","3":"status-publish","4":"has-post-thumbnail","6":"product_cat-cremas-depilatorias","7":"product_tag-cosmewax-depilatorios","8":"product_tag-cosmewax-depilatorios-es","9":"product_tag-cosmewax-depilatorios-es-2","10":"product_tag-cosmewax-fabricante-de-cosmeticos","11":"product_tag-cosmewax-private-label-cosmetics","13":"first","14":"instock","15":"virtual","16":"product-type-simple"},"yoast_head":"<!-- This site is optimized with the Yoast SEO Premium plugin v27.1 (Yoast SEO v27.3) - https:\/\/yoast.com\/product\/yoast-seo-premium-wordpress\/ -->\n<title>Cosmewax - Fabricante crema depilatoria axilas<\/title>\n<meta name=\"description\" content=\"Cosmewax: Fabricante crema depilatoria axilas. Un m\u00e9todo simple y eficaz para depilar esta zona con un innovador tubo de punta curva.\" \/>\n<meta name=\"robots\" content=\"noindex, follow, max-snippet:-1, max-image-preview:large, max-video-preview:-1\" \/>\n<meta name=\"twitter:card\" content=\"summary_large_image\" \/>\n<meta name=\"twitter:title\" content=\"Cosmewax - Fabricante crema depilatoria axilas\" \/>\n<meta name=\"twitter:description\" content=\"Cosmewax: Fabricante crema depilatoria axilas. Un m\u00e9todo simple y eficaz para depilar esta zona con un innovador tubo de punta curva.\" \/>\n<meta name=\"twitter:image\" content=\"https:\/\/cosmewax.camsec.es\/wp-content\/uploads\/2020\/03\/hair-removal-curveliner-1.jpg\" \/>\n<meta name=\"twitter:site\" content=\"@CosmewaxSA\" \/>\n<meta name=\"twitter:label1\" content=\"Tiempo de lectura\" \/>\n\t<meta name=\"twitter:data1\" content=\"1 minuto\" \/>\n<script type=\"application\/ld+json\" class=\"yoast-schema-graph\">{\"@context\":\"https:\\\/\\\/schema.org\",\"@graph\":[{\"@type\":\"WebPage\",\"@id\":\"https:\\\/\\\/cosmewax.camsec.es\\\/es\\\/producto\\\/crema-depilatoria-axilas\\\/\",\"url\":\"https:\\\/\\\/cosmewax.camsec.es\\\/es\\\/producto\\\/crema-depilatoria-axilas\\\/\",\"name\":\"Cosmewax - Fabricante crema depilatoria axilas\",\"isPartOf\":{\"@id\":\"https:\\\/\\\/cosmewax.camsec.es\\\/es\\\/#website\"},\"primaryImageOfPage\":{\"@id\":\"https:\\\/\\\/cosmewax.camsec.es\\\/es\\\/producto\\\/crema-depilatoria-axilas\\\/#primaryimage\"},\"image\":{\"@id\":\"https:\\\/\\\/cosmewax.camsec.es\\\/es\\\/producto\\\/crema-depilatoria-axilas\\\/#primaryimage\"},\"thumbnailUrl\":\"https:\\\/\\\/cosmewax.camsec.es\\\/wp-content\\\/uploads\\\/2020\\\/03\\\/hair-removal-curveliner-1.jpg\",\"datePublished\":\"2020-03-11T20:21:49+00:00\",\"dateModified\":\"2025-12-30T10:40:23+00:00\",\"description\":\"Cosmewax: Fabricante crema depilatoria axilas. Un m\u00e9todo simple y eficaz para depilar esta zona con un innovador tubo de punta curva.\",\"breadcrumb\":{\"@id\":\"https:\\\/\\\/cosmewax.camsec.es\\\/es\\\/producto\\\/crema-depilatoria-axilas\\\/#breadcrumb\"},\"inLanguage\":\"es\",\"potentialAction\":[{\"@type\":\"ReadAction\",\"target\":[\"https:\\\/\\\/cosmewax.camsec.es\\\/es\\\/producto\\\/crema-depilatoria-axilas\\\/\"]}]},{\"@type\":\"ImageObject\",\"inLanguage\":\"es\",\"@id\":\"https:\\\/\\\/cosmewax.camsec.es\\\/es\\\/producto\\\/crema-depilatoria-axilas\\\/#primaryimage\",\"url\":\"https:\\\/\\\/cosmewax.camsec.es\\\/wp-content\\\/uploads\\\/2020\\\/03\\\/hair-removal-curveliner-1.jpg\",\"contentUrl\":\"https:\\\/\\\/cosmewax.camsec.es\\\/wp-content\\\/uploads\\\/2020\\\/03\\\/hair-removal-curveliner-1.jpg\",\"width\":800,\"height\":800,\"caption\":\"fabricante crema depilatoria axilas\"},{\"@type\":\"BreadcrumbList\",\"@id\":\"https:\\\/\\\/cosmewax.camsec.es\\\/es\\\/producto\\\/crema-depilatoria-axilas\\\/#breadcrumb\",\"itemListElement\":[{\"@type\":\"ListItem\",\"position\":1,\"name\":\"Home\",\"item\":\"https:\\\/\\\/cosmewax.camsec.es\\\/es\"},{\"@type\":\"ListItem\",\"position\":2,\"name\":\"Productos\",\"item\":\"https:\\\/\\\/cosmewax.camsec.es\\\/es\\\/woocommerce-shop\\\/\"},{\"@type\":\"ListItem\",\"position\":3,\"name\":\"CREMA DEPILATORIA AXILAS\"}]},{\"@type\":\"WebSite\",\"@id\":\"https:\\\/\\\/cosmewax.camsec.es\\\/es\\\/#website\",\"url\":\"https:\\\/\\\/cosmewax.camsec.es\\\/es\\\/\",\"name\":\"Cosmewax\",\"description\":\"Private Label Cosmetics\",\"publisher\":{\"@id\":\"https:\\\/\\\/cosmewax.camsec.es\\\/es\\\/#organization\"},\"alternateName\":\"cmw\",\"potentialAction\":[{\"@type\":\"SearchAction\",\"target\":{\"@type\":\"EntryPoint\",\"urlTemplate\":\"https:\\\/\\\/cosmewax.camsec.es\\\/es\\\/?s={search_term_string}\"},\"query-input\":{\"@type\":\"PropertyValueSpecification\",\"valueRequired\":true,\"valueName\":\"search_term_string\"}}],\"inLanguage\":\"es\"},{\"@type\":\"Organization\",\"@id\":\"https:\\\/\\\/cosmewax.camsec.es\\\/es\\\/#organization\",\"name\":\"COSMEWAX\",\"alternateName\":\"cmw\",\"url\":\"https:\\\/\\\/cosmewax.camsec.es\\\/es\\\/\",\"logo\":{\"@type\":\"ImageObject\",\"inLanguage\":\"es\",\"@id\":\"https:\\\/\\\/cosmewax.camsec.es\\\/es\\\/#\\\/schema\\\/logo\\\/image\\\/\",\"url\":\"https:\\\/\\\/cosmewax.camsec.es\\\/wp-content\\\/uploads\\\/2026\\\/01\\\/Cosmewax-logo.png\",\"contentUrl\":\"https:\\\/\\\/cosmewax.camsec.es\\\/wp-content\\\/uploads\\\/2026\\\/01\\\/Cosmewax-logo.png\",\"width\":696,\"height\":696,\"caption\":\"COSMEWAX\"},\"image\":{\"@id\":\"https:\\\/\\\/cosmewax.camsec.es\\\/es\\\/#\\\/schema\\\/logo\\\/image\\\/\"},\"sameAs\":[\"https:\\\/\\\/x.com\\\/CosmewaxSA\",\"https:\\\/\\\/www.linkedin.com\\\/company\\\/cosmewax\\\/\",\"https:\\\/\\\/www.youtube.com\\\/channel\\\/UCWLfGt2SC_-O0acm8qRnMnQ\"],\"description\":\"With more than 60 years of experience in the cosmetics sector, Cosmewax is a leading private label cosmetics company. It is an expert in the development and manufacturing of private label skincare and hair removal products for retailers and brands. We export over 95% of our production to over 50 countries on 5 continents. We offer a comprehensive and flexible customer-oriented service: assessment, definition, design, manufacturing, delivery and project monitoring. Our two GMP-certified skincare sites exemplify our turnkey cosmetics manufacturing capabilities. Our cosmetics factories are equipped with the most advanced infrastructure and technology to guarantee our customers the highest quality skin care and hair removal products. Accordingly, this enables us to manufacture and package the widest range of cosmetics to meet market demands and customer needs. As custom label cosmetics manufacturers, our goal is to ensure the final product lives up to expectations. We take into account your timing, target cost and quality specifications to come up with creative solutions. Do you need speed? We have a constantly evolving library of cosmetic formulas for orders that require agile deliveries. Do you want exclusive products? We provide you with all our capacity for innovation to develop products that revolutionize the market. We carry out the integral design, formula + packaging. That is why our motto is: You dream, we manufacture.\",\"email\":\"info@cosmewax.camsec.es\",\"telephone\":\"+34956143302\",\"legalName\":\"Cosmewax S.A.\",\"foundingDate\":\"1960-12-02\",\"vatID\":\"A78118601\",\"numberOfEmployees\":{\"@type\":\"QuantitativeValue\",\"minValue\":\"201\",\"maxValue\":\"500\"}}]}<\/script>\n<!-- \/ Yoast SEO Premium plugin. -->","yoast_head_json":{"title":"Cosmewax - Fabricante crema depilatoria axilas","description":"Cosmewax: Fabricante crema depilatoria axilas. Un m\u00e9todo simple y eficaz para depilar esta zona con un innovador tubo de punta curva.","robots":{"index":"noindex","follow":"follow","max-snippet":"max-snippet:-1","max-image-preview":"max-image-preview:large","max-video-preview":"max-video-preview:-1"},"twitter_card":"summary_large_image","twitter_title":"Cosmewax - Fabricante crema depilatoria axilas","twitter_description":"Cosmewax: Fabricante crema depilatoria axilas. Un m\u00e9todo simple y eficaz para depilar esta zona con un innovador tubo de punta curva.","twitter_image":"https:\/\/cosmewax.camsec.es\/wp-content\/uploads\/2020\/03\/hair-removal-curveliner-1.jpg","twitter_site":"@CosmewaxSA","twitter_misc":{"Tiempo de lectura":"1 minuto"},"schema":{"@context":"https:\/\/schema.org","@graph":[{"@type":"WebPage","@id":"https:\/\/cosmewax.camsec.es\/es\/producto\/crema-depilatoria-axilas\/","url":"https:\/\/cosmewax.camsec.es\/es\/producto\/crema-depilatoria-axilas\/","name":"Cosmewax - Fabricante crema depilatoria axilas","isPartOf":{"@id":"https:\/\/cosmewax.camsec.es\/es\/#website"},"primaryImageOfPage":{"@id":"https:\/\/cosmewax.camsec.es\/es\/producto\/crema-depilatoria-axilas\/#primaryimage"},"image":{"@id":"https:\/\/cosmewax.camsec.es\/es\/producto\/crema-depilatoria-axilas\/#primaryimage"},"thumbnailUrl":"https:\/\/cosmewax.camsec.es\/wp-content\/uploads\/2020\/03\/hair-removal-curveliner-1.jpg","datePublished":"2020-03-11T20:21:49+00:00","dateModified":"2025-12-30T10:40:23+00:00","description":"Cosmewax: Fabricante crema depilatoria axilas. Un m\u00e9todo simple y eficaz para depilar esta zona con un innovador tubo de punta curva.","breadcrumb":{"@id":"https:\/\/cosmewax.camsec.es\/es\/producto\/crema-depilatoria-axilas\/#breadcrumb"},"inLanguage":"es","potentialAction":[{"@type":"ReadAction","target":["https:\/\/cosmewax.camsec.es\/es\/producto\/crema-depilatoria-axilas\/"]}]},{"@type":"ImageObject","inLanguage":"es","@id":"https:\/\/cosmewax.camsec.es\/es\/producto\/crema-depilatoria-axilas\/#primaryimage","url":"https:\/\/cosmewax.camsec.es\/wp-content\/uploads\/2020\/03\/hair-removal-curveliner-1.jpg","contentUrl":"https:\/\/cosmewax.camsec.es\/wp-content\/uploads\/2020\/03\/hair-removal-curveliner-1.jpg","width":800,"height":800,"caption":"fabricante crema depilatoria axilas"},{"@type":"BreadcrumbList","@id":"https:\/\/cosmewax.camsec.es\/es\/producto\/crema-depilatoria-axilas\/#breadcrumb","itemListElement":[{"@type":"ListItem","position":1,"name":"Home","item":"https:\/\/cosmewax.camsec.es\/es"},{"@type":"ListItem","position":2,"name":"Productos","item":"https:\/\/cosmewax.camsec.es\/es\/woocommerce-shop\/"},{"@type":"ListItem","position":3,"name":"CREMA DEPILATORIA AXILAS"}]},{"@type":"WebSite","@id":"https:\/\/cosmewax.camsec.es\/es\/#website","url":"https:\/\/cosmewax.camsec.es\/es\/","name":"Cosmewax","description":"Private Label Cosmetics","publisher":{"@id":"https:\/\/cosmewax.camsec.es\/es\/#organization"},"alternateName":"cmw","potentialAction":[{"@type":"SearchAction","target":{"@type":"EntryPoint","urlTemplate":"https:\/\/cosmewax.camsec.es\/es\/?s={search_term_string}"},"query-input":{"@type":"PropertyValueSpecification","valueRequired":true,"valueName":"search_term_string"}}],"inLanguage":"es"},{"@type":"Organization","@id":"https:\/\/cosmewax.camsec.es\/es\/#organization","name":"COSMEWAX","alternateName":"cmw","url":"https:\/\/cosmewax.camsec.es\/es\/","logo":{"@type":"ImageObject","inLanguage":"es","@id":"https:\/\/cosmewax.camsec.es\/es\/#\/schema\/logo\/image\/","url":"https:\/\/cosmewax.camsec.es\/wp-content\/uploads\/2026\/01\/Cosmewax-logo.png","contentUrl":"https:\/\/cosmewax.camsec.es\/wp-content\/uploads\/2026\/01\/Cosmewax-logo.png","width":696,"height":696,"caption":"COSMEWAX"},"image":{"@id":"https:\/\/cosmewax.camsec.es\/es\/#\/schema\/logo\/image\/"},"sameAs":["https:\/\/x.com\/CosmewaxSA","https:\/\/www.linkedin.com\/company\/cosmewax\/","https:\/\/www.youtube.com\/channel\/UCWLfGt2SC_-O0acm8qRnMnQ"],"description":"With more than 60 years of experience in the cosmetics sector, Cosmewax is a leading private label cosmetics company. It is an expert in the development and manufacturing of private label skincare and hair removal products for retailers and brands. We export over 95% of our production to over 50 countries on 5 continents. We offer a comprehensive and flexible customer-oriented service: assessment, definition, design, manufacturing, delivery and project monitoring. Our two GMP-certified skincare sites exemplify our turnkey cosmetics manufacturing capabilities. Our cosmetics factories are equipped with the most advanced infrastructure and technology to guarantee our customers the highest quality skin care and hair removal products. Accordingly, this enables us to manufacture and package the widest range of cosmetics to meet market demands and customer needs. As custom label cosmetics manufacturers, our goal is to ensure the final product lives up to expectations. We take into account your timing, target cost and quality specifications to come up with creative solutions. Do you need speed? We have a constantly evolving library of cosmetic formulas for orders that require agile deliveries. Do you want exclusive products? We provide you with all our capacity for innovation to develop products that revolutionize the market. We carry out the integral design, formula + packaging. That is why our motto is: You dream, we manufacture.","email":"info@cosmewax.camsec.es","telephone":"+34956143302","legalName":"Cosmewax S.A.","foundingDate":"1960-12-02","vatID":"A78118601","numberOfEmployees":{"@type":"QuantitativeValue","minValue":"201","maxValue":"500"}}]}},"_links":{"self":[{"href":"https:\/\/cosmewax.camsec.es\/es\/index.php?rest_route=\/wp\/v2\/product\/25589","targetHints":{"allow":["GET"]}}],"collection":[{"href":"https:\/\/cosmewax.camsec.es\/es\/index.php?rest_route=\/wp\/v2\/product"}],"about":[{"href":"https:\/\/cosmewax.camsec.es\/es\/index.php?rest_route=\/wp\/v2\/types\/product"}],"version-history":[{"count":2,"href":"https:\/\/cosmewax.camsec.es\/es\/index.php?rest_route=\/wp\/v2\/product\/25589\/revisions"}],"predecessor-version":[{"id":37153,"href":"https:\/\/cosmewax.camsec.es\/es\/index.php?rest_route=\/wp\/v2\/product\/25589\/revisions\/37153"}],"wp:featuredmedia":[{"embeddable":true,"href":"https:\/\/cosmewax.camsec.es\/es\/index.php?rest_route=\/wp\/v2\/media\/25365"}],"wp:attachment":[{"href":"https:\/\/cosmewax.camsec.es\/es\/index.php?rest_route=%2Fwp%2Fv2%2Fmedia&parent=25589"}],"wp:term":[{"taxonomy":"product_brand","embeddable":true,"href":"https:\/\/cosmewax.camsec.es\/es\/index.php?rest_route=%2Fwp%2Fv2%2Fproduct_brand&post=25589"},{"taxonomy":"product_cat","embeddable":true,"href":"https:\/\/cosmewax.camsec.es\/es\/index.php?rest_route=%2Fwp%2Fv2%2Fproduct_cat&post=25589"},{"taxonomy":"product_tag","embeddable":true,"href":"https:\/\/cosmewax.camsec.es\/es\/index.php?rest_route=%2Fwp%2Fv2%2Fproduct_tag&post=25589"}],"curies":[{"name":"wp","href":"https:\/\/api.w.org\/{rel}","templated":true}]}}