{"id":35583,"date":"2024-10-30T07:21:13","date_gmt":"2024-10-30T07:54:13","guid":{"rendered":"https:\/\/cosmewax.camsec.es\/product\/perlas-de-cera\/"},"modified":"2024-10-30T08:03:02","modified_gmt":"2024-10-30T08:03:02","slug":"perlas-de-cera","status":"publish","type":"product","link":"https:\/\/cosmewax.camsec.es\/es?product=perlas-de-cera","title":{"rendered":"Perlas de cera"},"content":{"rendered":"\t\t<div data-elementor-type=\"wp-post\" data-elementor-id=\"35583\" class=\"elementor elementor-35583 elementor-35568\">\n\t\t\t\t\t\t<section class=\"elementor-section elementor-top-section elementor-element elementor-element-4670797 elementor-section-boxed elementor-section-height-default elementor-section-height-default parallax_section_no qode_elementor_container_no\" data-id=\"4670797\" data-element_type=\"section\" data-e-type=\"section\">\n\t\t\t\t\t\t<div class=\"elementor-container elementor-column-gap-default\">\n\t\t\t\t\t<div class=\"elementor-column elementor-col-100 elementor-top-column elementor-element elementor-element-8ce0c29\" data-id=\"8ce0c29\" data-element_type=\"column\" data-e-type=\"column\">\n\t\t\t<div class=\"elementor-widget-wrap elementor-element-populated\">\n\t\t\t\t\t\t<div class=\"elementor-element elementor-element-cbc7268 elementor-widget elementor-widget-toggle\" data-id=\"cbc7268\" data-element_type=\"widget\" data-e-type=\"widget\" data-widget_type=\"toggle.default\">\n\t\t\t\t\t\t\t<div class=\"elementor-toggle\">\n\t\t\t\t\t\t\t<div class=\"elementor-toggle-item\">\n\t\t\t\t\t<h6 id=\"elementor-tab-title-2131\" class=\"elementor-tab-title\" data-tab=\"1\" role=\"button\" aria-controls=\"elementor-tab-content-2131\" aria-expanded=\"false\">\n\t\t\t\t\t\t\t\t\t\t\t\t<span class=\"elementor-toggle-icon elementor-toggle-icon-left\" aria-hidden=\"true\">\n\t\t\t\t\t\t\t\t\t\t\t\t\t\t\t<span class=\"elementor-toggle-icon-closed\"><svg class=\"e-font-icon-svg e-fas-caret-right\" viewBox=\"0 0 192 512\" xmlns=\"http:\/\/www.w3.org\/2000\/svg\"><path d=\"M0 384.662V127.338c0-17.818 21.543-26.741 34.142-14.142l128.662 128.662c7.81 7.81 7.81 20.474 0 28.284L34.142 398.804C21.543 411.404 0 402.48 0 384.662z\"><\/path><\/svg><\/span>\n\t\t\t\t\t\t\t\t<span class=\"elementor-toggle-icon-opened\"><svg class=\"elementor-toggle-icon-opened e-font-icon-svg e-fas-caret-up\" viewBox=\"0 0 320 512\" xmlns=\"http:\/\/www.w3.org\/2000\/svg\"><path d=\"M288.662 352H31.338c-17.818 0-26.741-21.543-14.142-34.142l128.662-128.662c7.81-7.81 20.474-7.81 28.284 0l128.662 128.662c12.6 12.599 3.676 34.142-14.142 34.142z\"><\/path><\/svg><\/span>\n\t\t\t\t\t\t\t\t\t\t\t\t\t<\/span>\n\t\t\t\t\t\t\t\t\t\t\t\t<a class=\"elementor-toggle-title\" tabindex=\"0\">CUIDADO DE LA PIEL<\/a>\n\t\t\t\t\t<\/h6>\n\n\t\t\t\t\t<div id=\"elementor-tab-content-2131\" class=\"elementor-tab-content elementor-clearfix\" data-tab=\"1\" role=\"region\" aria-labelledby=\"elementor-tab-title-2131\"><p>85% origen natural.<\/p><p>F\u00f3rmula vegana.<\/p><p>Dermatol\u00f3gicamente testado.<\/p><p>Sin polietileno.<\/p><\/div>\n\t\t\t\t<\/div>\n\t\t\t\t\t\t\t<div class=\"elementor-toggle-item\">\n\t\t\t\t\t<h6 id=\"elementor-tab-title-2132\" class=\"elementor-tab-title\" data-tab=\"2\" role=\"button\" aria-controls=\"elementor-tab-content-2132\" aria-expanded=\"false\">\n\t\t\t\t\t\t\t\t\t\t\t\t<span class=\"elementor-toggle-icon elementor-toggle-icon-left\" aria-hidden=\"true\">\n\t\t\t\t\t\t\t\t\t\t\t\t\t\t\t<span class=\"elementor-toggle-icon-closed\"><svg class=\"e-font-icon-svg e-fas-caret-right\" viewBox=\"0 0 192 512\" xmlns=\"http:\/\/www.w3.org\/2000\/svg\"><path d=\"M0 384.662V127.338c0-17.818 21.543-26.741 34.142-14.142l128.662 128.662c7.81 7.81 7.81 20.474 0 28.284L34.142 398.804C21.543 411.404 0 402.48 0 384.662z\"><\/path><\/svg><\/span>\n\t\t\t\t\t\t\t\t<span class=\"elementor-toggle-icon-opened\"><svg class=\"elementor-toggle-icon-opened e-font-icon-svg e-fas-caret-up\" viewBox=\"0 0 320 512\" xmlns=\"http:\/\/www.w3.org\/2000\/svg\"><path d=\"M288.662 352H31.338c-17.818 0-26.741-21.543-14.142-34.142l128.662-128.662c7.81-7.81 20.474-7.81 28.284 0l128.662 128.662c12.6 12.599 3.676 34.142-14.142 34.142z\"><\/path><\/svg><\/span>\n\t\t\t\t\t\t\t\t\t\t\t\t\t<\/span>\n\t\t\t\t\t\t\t\t\t\t\t\t<a class=\"elementor-toggle-title\" tabindex=\"0\">INFORMACI\u00d3N ADICIONAL<\/a>\n\t\t\t\t\t<\/h6>\n\n\t\t\t\t\t<div id=\"elementor-tab-content-2132\" class=\"elementor-tab-content elementor-clearfix\" data-tab=\"2\" role=\"region\" aria-labelledby=\"elementor-tab-title-2132\"><p>F\u00f3rmula exfoliante.<\/p><p><span class=\"HwtZe\" lang=\"en\"><span class=\"jCAhz ChMk0b\"><span class=\"ryNqvb\">Gran variedad de opciones de packaging disponibles.<br \/><\/span><\/span><\/span><\/p><p>F\u00f3rmula altamente customizable para adaptar el producto a su identidad de marca.<\/p><\/div>\n\t\t\t\t<\/div>\n\t\t\t\t\t\t\t\t<\/div>\n\t\t\t\t\t\t<\/div>\n\t\t\t\t\t<\/div>\n\t\t<\/div>\n\t\t\t\t\t<\/div>\n\t\t<\/section>\n\t\t\t\t<\/div>\n\t\t","protected":false},"excerpt":{"rendered":"<p>\u00a1Descubre la \u00faltima revoluci\u00f3n en depilaci\u00f3n en casa con nuestras perlas de cera caliente!<\/p>\n<p>Dise\u00f1adas para mayor comodidad, simplemente se calienta la cantidad exacta que se necesita colocando las perlas en el envase y calent\u00e1ndolas en el microondas a la <strong>temperatura perfecta de 60-65 \u00baC<\/strong>.<\/p>\n<p>El resultado es una suavidad duradera y con calidad de sal\u00f3n de belleza que dura hasta <strong>4 semanas<\/strong>, ya que la cera elimina el vello no deseado directamente desde la ra\u00edz.<\/p>\n<p>Nuestra f\u00f3rmula <strong>dermatol\u00f3gicamente testada<\/strong> es suave con la piel sensible, lo que garantiza una experiencia c\u00f3moda y resultados perfectos. Con una aplicaci\u00f3n sin bandas la depilaci\u00f3n es, adecuada para todas las \u00e1reas del cuerpo, desde las piernas y los brazos hasta la delicada zona facial.<\/p>\n<p>\u00a1Desp\u00eddete de rutinas complicadas y disfruta de resultados profesionales sin esfuerzo en casa!<\/p>\n","protected":false},"featured_media":35580,"template":"","meta":{"_eb_attr":"","_uf_show_specific_survey":0,"_uf_disable_surveys":false},"product_brand":[],"product_cat":[102],"product_tag":[],"class_list":{"0":"post-35583","1":"product","2":"type-product","3":"status-publish","4":"has-post-thumbnail","6":"product_cat-cera-caliente","8":"first","9":"instock","10":"shipping-taxable","11":"product-type-simple"},"yoast_head":"<!-- This site is optimized with the Yoast SEO Premium plugin v27.1 (Yoast SEO v27.3) - https:\/\/yoast.com\/product\/yoast-seo-premium-wordpress\/ -->\n<title>Perlas de cera - Cosmewax<\/title>\n<meta name=\"description\" content=\"Cosmewax es un fabricante l\u00edder de perlas de cera para private label. Ayudamos a las marcas a ofrecer productos customizados y de alta calidad.\" \/>\n<meta name=\"robots\" content=\"noindex, follow, max-snippet:-1, max-image-preview:large, max-video-preview:-1\" \/>\n<meta name=\"twitter:card\" content=\"summary_large_image\" \/>\n<meta name=\"twitter:title\" content=\"Perlas de cera - Cosmewax\" \/>\n<meta name=\"twitter:description\" content=\"Cosmewax es un fabricante l\u00edder de perlas de cera para private label. Ayudamos a las marcas a ofrecer productos customizados y de alta calidad.\" \/>\n<meta name=\"twitter:image\" content=\"https:\/\/cosmewax.camsec.es\/wp-content\/uploads\/2024\/10\/wax-beads-1.jpg\" \/>\n<meta name=\"twitter:site\" content=\"@CosmewaxSA\" \/>\n<meta name=\"twitter:label1\" content=\"Tiempo de lectura\" \/>\n\t<meta name=\"twitter:data1\" content=\"1 minuto\" \/>\n<script type=\"application\/ld+json\" class=\"yoast-schema-graph\">{\"@context\":\"https:\\\/\\\/schema.org\",\"@graph\":[{\"@type\":\"WebPage\",\"@id\":\"https:\\\/\\\/cosmewax.camsec.es\\\/producto\\\/wax-beads\\\/\",\"url\":\"https:\\\/\\\/cosmewax.camsec.es\\\/producto\\\/wax-beads\\\/\",\"name\":\"Perlas de cera - Cosmewax\",\"isPartOf\":{\"@id\":\"https:\\\/\\\/cosmewax.camsec.es\\\/es\\\/#website\"},\"primaryImageOfPage\":{\"@id\":\"https:\\\/\\\/cosmewax.camsec.es\\\/producto\\\/wax-beads\\\/#primaryimage\"},\"image\":{\"@id\":\"https:\\\/\\\/cosmewax.camsec.es\\\/producto\\\/wax-beads\\\/#primaryimage\"},\"thumbnailUrl\":\"https:\\\/\\\/cosmewax.camsec.es\\\/wp-content\\\/uploads\\\/2024\\\/10\\\/wax-beads-1.jpg\",\"datePublished\":\"2024-10-30T07:54:13+00:00\",\"dateModified\":\"2024-10-30T08:03:02+00:00\",\"description\":\"Cosmewax es un fabricante l\u00edder de perlas de cera para private label. Ayudamos a las marcas a ofrecer productos customizados y de alta calidad.\",\"breadcrumb\":{\"@id\":\"https:\\\/\\\/cosmewax.camsec.es\\\/producto\\\/wax-beads\\\/#breadcrumb\"},\"inLanguage\":\"es\",\"potentialAction\":[{\"@type\":\"ReadAction\",\"target\":[\"https:\\\/\\\/cosmewax.camsec.es\\\/producto\\\/wax-beads\\\/\"]}]},{\"@type\":\"ImageObject\",\"inLanguage\":\"es\",\"@id\":\"https:\\\/\\\/cosmewax.camsec.es\\\/producto\\\/wax-beads\\\/#primaryimage\",\"url\":\"https:\\\/\\\/cosmewax.camsec.es\\\/wp-content\\\/uploads\\\/2024\\\/10\\\/wax-beads-1.jpg\",\"contentUrl\":\"https:\\\/\\\/cosmewax.camsec.es\\\/wp-content\\\/uploads\\\/2024\\\/10\\\/wax-beads-1.jpg\",\"width\":800,\"height\":800,\"caption\":\"wax beads cosmewax\"},{\"@type\":\"BreadcrumbList\",\"@id\":\"https:\\\/\\\/cosmewax.camsec.es\\\/producto\\\/wax-beads\\\/#breadcrumb\",\"itemListElement\":[{\"@type\":\"ListItem\",\"position\":1,\"name\":\"Home\",\"item\":\"https:\\\/\\\/cosmewax.camsec.es\\\/es\"},{\"@type\":\"ListItem\",\"position\":2,\"name\":\"Productos\",\"item\":\"https:\\\/\\\/cosmewax.camsec.es\\\/es\\\/woocommerce-shop\\\/\"},{\"@type\":\"ListItem\",\"position\":3,\"name\":\"Perlas de cera\"}]},{\"@type\":\"WebSite\",\"@id\":\"https:\\\/\\\/cosmewax.camsec.es\\\/es\\\/#website\",\"url\":\"https:\\\/\\\/cosmewax.camsec.es\\\/es\\\/\",\"name\":\"Cosmewax\",\"description\":\"Private Label Cosmetics\",\"publisher\":{\"@id\":\"https:\\\/\\\/cosmewax.camsec.es\\\/es\\\/#organization\"},\"alternateName\":\"cmw\",\"potentialAction\":[{\"@type\":\"SearchAction\",\"target\":{\"@type\":\"EntryPoint\",\"urlTemplate\":\"https:\\\/\\\/cosmewax.camsec.es\\\/es\\\/?s={search_term_string}\"},\"query-input\":{\"@type\":\"PropertyValueSpecification\",\"valueRequired\":true,\"valueName\":\"search_term_string\"}}],\"inLanguage\":\"es\"},{\"@type\":\"Organization\",\"@id\":\"https:\\\/\\\/cosmewax.camsec.es\\\/es\\\/#organization\",\"name\":\"COSMEWAX\",\"alternateName\":\"cmw\",\"url\":\"https:\\\/\\\/cosmewax.camsec.es\\\/es\\\/\",\"logo\":{\"@type\":\"ImageObject\",\"inLanguage\":\"es\",\"@id\":\"https:\\\/\\\/cosmewax.camsec.es\\\/es\\\/#\\\/schema\\\/logo\\\/image\\\/\",\"url\":\"https:\\\/\\\/cosmewax.camsec.es\\\/wp-content\\\/uploads\\\/2026\\\/01\\\/Cosmewax-logo.png\",\"contentUrl\":\"https:\\\/\\\/cosmewax.camsec.es\\\/wp-content\\\/uploads\\\/2026\\\/01\\\/Cosmewax-logo.png\",\"width\":696,\"height\":696,\"caption\":\"COSMEWAX\"},\"image\":{\"@id\":\"https:\\\/\\\/cosmewax.camsec.es\\\/es\\\/#\\\/schema\\\/logo\\\/image\\\/\"},\"sameAs\":[\"https:\\\/\\\/x.com\\\/CosmewaxSA\",\"https:\\\/\\\/www.linkedin.com\\\/company\\\/cosmewax\\\/\",\"https:\\\/\\\/www.youtube.com\\\/channel\\\/UCWLfGt2SC_-O0acm8qRnMnQ\"],\"description\":\"With more than 60 years of experience in the cosmetics sector, Cosmewax is a leading private label cosmetics company. It is an expert in the development and manufacturing of private label skincare and hair removal products for retailers and brands. We export over 95% of our production to over 50 countries on 5 continents. We offer a comprehensive and flexible customer-oriented service: assessment, definition, design, manufacturing, delivery and project monitoring. Our two GMP-certified skincare sites exemplify our turnkey cosmetics manufacturing capabilities. Our cosmetics factories are equipped with the most advanced infrastructure and technology to guarantee our customers the highest quality skin care and hair removal products. Accordingly, this enables us to manufacture and package the widest range of cosmetics to meet market demands and customer needs. As custom label cosmetics manufacturers, our goal is to ensure the final product lives up to expectations. We take into account your timing, target cost and quality specifications to come up with creative solutions. Do you need speed? We have a constantly evolving library of cosmetic formulas for orders that require agile deliveries. Do you want exclusive products? We provide you with all our capacity for innovation to develop products that revolutionize the market. We carry out the integral design, formula + packaging. That is why our motto is: You dream, we manufacture.\",\"email\":\"info@cosmewax.camsec.es\",\"telephone\":\"+34956143302\",\"legalName\":\"Cosmewax S.A.\",\"foundingDate\":\"1960-12-02\",\"vatID\":\"A78118601\",\"numberOfEmployees\":{\"@type\":\"QuantitativeValue\",\"minValue\":\"201\",\"maxValue\":\"500\"}}]}<\/script>\n<!-- \/ Yoast SEO Premium plugin. -->","yoast_head_json":{"title":"Perlas de cera - Cosmewax","description":"Cosmewax es un fabricante l\u00edder de perlas de cera para private label. Ayudamos a las marcas a ofrecer productos customizados y de alta calidad.","robots":{"index":"noindex","follow":"follow","max-snippet":"max-snippet:-1","max-image-preview":"max-image-preview:large","max-video-preview":"max-video-preview:-1"},"twitter_card":"summary_large_image","twitter_title":"Perlas de cera - Cosmewax","twitter_description":"Cosmewax es un fabricante l\u00edder de perlas de cera para private label. Ayudamos a las marcas a ofrecer productos customizados y de alta calidad.","twitter_image":"https:\/\/cosmewax.camsec.es\/wp-content\/uploads\/2024\/10\/wax-beads-1.jpg","twitter_site":"@CosmewaxSA","twitter_misc":{"Tiempo de lectura":"1 minuto"},"schema":{"@context":"https:\/\/schema.org","@graph":[{"@type":"WebPage","@id":"https:\/\/cosmewax.camsec.es\/producto\/wax-beads\/","url":"https:\/\/cosmewax.camsec.es\/producto\/wax-beads\/","name":"Perlas de cera - Cosmewax","isPartOf":{"@id":"https:\/\/cosmewax.camsec.es\/es\/#website"},"primaryImageOfPage":{"@id":"https:\/\/cosmewax.camsec.es\/producto\/wax-beads\/#primaryimage"},"image":{"@id":"https:\/\/cosmewax.camsec.es\/producto\/wax-beads\/#primaryimage"},"thumbnailUrl":"https:\/\/cosmewax.camsec.es\/wp-content\/uploads\/2024\/10\/wax-beads-1.jpg","datePublished":"2024-10-30T07:54:13+00:00","dateModified":"2024-10-30T08:03:02+00:00","description":"Cosmewax es un fabricante l\u00edder de perlas de cera para private label. Ayudamos a las marcas a ofrecer productos customizados y de alta calidad.","breadcrumb":{"@id":"https:\/\/cosmewax.camsec.es\/producto\/wax-beads\/#breadcrumb"},"inLanguage":"es","potentialAction":[{"@type":"ReadAction","target":["https:\/\/cosmewax.camsec.es\/producto\/wax-beads\/"]}]},{"@type":"ImageObject","inLanguage":"es","@id":"https:\/\/cosmewax.camsec.es\/producto\/wax-beads\/#primaryimage","url":"https:\/\/cosmewax.camsec.es\/wp-content\/uploads\/2024\/10\/wax-beads-1.jpg","contentUrl":"https:\/\/cosmewax.camsec.es\/wp-content\/uploads\/2024\/10\/wax-beads-1.jpg","width":800,"height":800,"caption":"wax beads cosmewax"},{"@type":"BreadcrumbList","@id":"https:\/\/cosmewax.camsec.es\/producto\/wax-beads\/#breadcrumb","itemListElement":[{"@type":"ListItem","position":1,"name":"Home","item":"https:\/\/cosmewax.camsec.es\/es"},{"@type":"ListItem","position":2,"name":"Productos","item":"https:\/\/cosmewax.camsec.es\/es\/woocommerce-shop\/"},{"@type":"ListItem","position":3,"name":"Perlas de cera"}]},{"@type":"WebSite","@id":"https:\/\/cosmewax.camsec.es\/es\/#website","url":"https:\/\/cosmewax.camsec.es\/es\/","name":"Cosmewax","description":"Private Label Cosmetics","publisher":{"@id":"https:\/\/cosmewax.camsec.es\/es\/#organization"},"alternateName":"cmw","potentialAction":[{"@type":"SearchAction","target":{"@type":"EntryPoint","urlTemplate":"https:\/\/cosmewax.camsec.es\/es\/?s={search_term_string}"},"query-input":{"@type":"PropertyValueSpecification","valueRequired":true,"valueName":"search_term_string"}}],"inLanguage":"es"},{"@type":"Organization","@id":"https:\/\/cosmewax.camsec.es\/es\/#organization","name":"COSMEWAX","alternateName":"cmw","url":"https:\/\/cosmewax.camsec.es\/es\/","logo":{"@type":"ImageObject","inLanguage":"es","@id":"https:\/\/cosmewax.camsec.es\/es\/#\/schema\/logo\/image\/","url":"https:\/\/cosmewax.camsec.es\/wp-content\/uploads\/2026\/01\/Cosmewax-logo.png","contentUrl":"https:\/\/cosmewax.camsec.es\/wp-content\/uploads\/2026\/01\/Cosmewax-logo.png","width":696,"height":696,"caption":"COSMEWAX"},"image":{"@id":"https:\/\/cosmewax.camsec.es\/es\/#\/schema\/logo\/image\/"},"sameAs":["https:\/\/x.com\/CosmewaxSA","https:\/\/www.linkedin.com\/company\/cosmewax\/","https:\/\/www.youtube.com\/channel\/UCWLfGt2SC_-O0acm8qRnMnQ"],"description":"With more than 60 years of experience in the cosmetics sector, Cosmewax is a leading private label cosmetics company. It is an expert in the development and manufacturing of private label skincare and hair removal products for retailers and brands. We export over 95% of our production to over 50 countries on 5 continents. We offer a comprehensive and flexible customer-oriented service: assessment, definition, design, manufacturing, delivery and project monitoring. Our two GMP-certified skincare sites exemplify our turnkey cosmetics manufacturing capabilities. Our cosmetics factories are equipped with the most advanced infrastructure and technology to guarantee our customers the highest quality skin care and hair removal products. Accordingly, this enables us to manufacture and package the widest range of cosmetics to meet market demands and customer needs. As custom label cosmetics manufacturers, our goal is to ensure the final product lives up to expectations. We take into account your timing, target cost and quality specifications to come up with creative solutions. Do you need speed? We have a constantly evolving library of cosmetic formulas for orders that require agile deliveries. Do you want exclusive products? We provide you with all our capacity for innovation to develop products that revolutionize the market. We carry out the integral design, formula + packaging. That is why our motto is: You dream, we manufacture.","email":"info@cosmewax.camsec.es","telephone":"+34956143302","legalName":"Cosmewax S.A.","foundingDate":"1960-12-02","vatID":"A78118601","numberOfEmployees":{"@type":"QuantitativeValue","minValue":"201","maxValue":"500"}}]}},"_links":{"self":[{"href":"https:\/\/cosmewax.camsec.es\/es\/index.php?rest_route=\/wp\/v2\/product\/35583","targetHints":{"allow":["GET"]}}],"collection":[{"href":"https:\/\/cosmewax.camsec.es\/es\/index.php?rest_route=\/wp\/v2\/product"}],"about":[{"href":"https:\/\/cosmewax.camsec.es\/es\/index.php?rest_route=\/wp\/v2\/types\/product"}],"version-history":[{"count":0,"href":"https:\/\/cosmewax.camsec.es\/es\/index.php?rest_route=\/wp\/v2\/product\/35583\/revisions"}],"wp:featuredmedia":[{"embeddable":true,"href":"https:\/\/cosmewax.camsec.es\/es\/index.php?rest_route=\/wp\/v2\/media\/35580"}],"wp:attachment":[{"href":"https:\/\/cosmewax.camsec.es\/es\/index.php?rest_route=%2Fwp%2Fv2%2Fmedia&parent=35583"}],"wp:term":[{"taxonomy":"product_brand","embeddable":true,"href":"https:\/\/cosmewax.camsec.es\/es\/index.php?rest_route=%2Fwp%2Fv2%2Fproduct_brand&post=35583"},{"taxonomy":"product_cat","embeddable":true,"href":"https:\/\/cosmewax.camsec.es\/es\/index.php?rest_route=%2Fwp%2Fv2%2Fproduct_cat&post=35583"},{"taxonomy":"product_tag","embeddable":true,"href":"https:\/\/cosmewax.camsec.es\/es\/index.php?rest_route=%2Fwp%2Fv2%2Fproduct_tag&post=35583"}],"curies":[{"name":"wp","href":"https:\/\/api.w.org\/{rel}","templated":true}]}}