{"id":26838,"date":"2020-05-27T08:58:56","date_gmt":"2020-05-27T08:58:56","guid":{"rendered":"https:\/\/cosmewax.camsec.es\/product\/aceites-pre-post-depil\/"},"modified":"2024-11-06T11:26:52","modified_gmt":"2024-11-06T11:26:52","slug":"huiles-pre-post-epilation","status":"publish","type":"product","link":"https:\/\/cosmewax.camsec.es\/fr?product=huiles-pre-post-epilation","title":{"rendered":"Huile post \u00e9pilation"},"content":{"rendered":"\t\t<div data-elementor-type=\"wp-post\" data-elementor-id=\"26838\" class=\"elementor elementor-26838 elementor-24597\">\n\t\t\t\t\t\t<section class=\"elementor-section elementor-top-section elementor-element elementor-element-5b8e356 elementor-section-boxed elementor-section-height-default elementor-section-height-default parallax_section_no qode_elementor_container_no\" data-id=\"5b8e356\" data-element_type=\"section\" data-e-type=\"section\">\n\t\t\t\t\t\t<div class=\"elementor-container elementor-column-gap-default\">\n\t\t\t\t\t<div class=\"elementor-column elementor-col-100 elementor-top-column elementor-element elementor-element-441d5b8\" data-id=\"441d5b8\" data-element_type=\"column\" data-e-type=\"column\">\n\t\t\t<div class=\"elementor-widget-wrap elementor-element-populated\">\n\t\t\t\t\t\t<div class=\"elementor-element elementor-element-018ed43 elementor-widget elementor-widget-toggle\" data-id=\"018ed43\" data-element_type=\"widget\" data-e-type=\"widget\" data-widget_type=\"toggle.default\">\n\t\t\t\t\t\t\t<div class=\"elementor-toggle\">\n\t\t\t\t\t\t\t<div class=\"elementor-toggle-item\">\n\t\t\t\t\t<h6 id=\"elementor-tab-title-1631\" class=\"elementor-tab-title\" data-tab=\"1\" role=\"button\" aria-controls=\"elementor-tab-content-1631\" aria-expanded=\"false\">\n\t\t\t\t\t\t\t\t\t\t\t\t<span class=\"elementor-toggle-icon elementor-toggle-icon-left\" aria-hidden=\"true\">\n\t\t\t\t\t\t\t\t\t\t\t\t\t\t\t<span class=\"elementor-toggle-icon-closed\"><svg class=\"e-font-icon-svg e-fas-caret-right\" viewBox=\"0 0 192 512\" xmlns=\"http:\/\/www.w3.org\/2000\/svg\"><path d=\"M0 384.662V127.338c0-17.818 21.543-26.741 34.142-14.142l128.662 128.662c7.81 7.81 7.81 20.474 0 28.284L34.142 398.804C21.543 411.404 0 402.48 0 384.662z\"><\/path><\/svg><\/span>\n\t\t\t\t\t\t\t\t<span class=\"elementor-toggle-icon-opened\"><svg class=\"elementor-toggle-icon-opened e-font-icon-svg e-fas-caret-up\" viewBox=\"0 0 320 512\" xmlns=\"http:\/\/www.w3.org\/2000\/svg\"><path d=\"M288.662 352H31.338c-17.818 0-26.741-21.543-14.142-34.142l128.662-128.662c7.81-7.81 20.474-7.81 28.284 0l128.662 128.662c12.6 12.599 3.676 34.142-14.142 34.142z\"><\/path><\/svg><\/span>\n\t\t\t\t\t\t\t\t\t\t\t\t\t<\/span>\n\t\t\t\t\t\t\t\t\t\t\t\t<a class=\"elementor-toggle-title\" tabindex=\"0\">huile post \u00e9pilation: \u00c9L\u00c9MENTS DE SOINS<\/a>\n\t\t\t\t\t<\/h6>\n\n\t\t\t\t\t<div id=\"elementor-tab-content-1631\" class=\"elementor-tab-content elementor-clearfix\" data-tab=\"1\" role=\"region\" aria-labelledby=\"elementor-tab-title-1631\"><p>L&rsquo;huile post \u00e9pilation pr\u00e9sente les caract\u00e9ristiques suivantes : <br \/>Formule naturelle disponible<\/p><p>Huile de palme extraite de sources durables.<\/p><\/div>\n\t\t\t\t<\/div>\n\t\t\t\t\t\t\t<div class=\"elementor-toggle-item\">\n\t\t\t\t\t<h6 id=\"elementor-tab-title-1632\" class=\"elementor-tab-title\" data-tab=\"2\" role=\"button\" aria-controls=\"elementor-tab-content-1632\" aria-expanded=\"false\">\n\t\t\t\t\t\t\t\t\t\t\t\t<span class=\"elementor-toggle-icon elementor-toggle-icon-left\" aria-hidden=\"true\">\n\t\t\t\t\t\t\t\t\t\t\t\t\t\t\t<span class=\"elementor-toggle-icon-closed\"><svg class=\"e-font-icon-svg e-fas-caret-right\" viewBox=\"0 0 192 512\" xmlns=\"http:\/\/www.w3.org\/2000\/svg\"><path d=\"M0 384.662V127.338c0-17.818 21.543-26.741 34.142-14.142l128.662 128.662c7.81 7.81 7.81 20.474 0 28.284L34.142 398.804C21.543 411.404 0 402.48 0 384.662z\"><\/path><\/svg><\/span>\n\t\t\t\t\t\t\t\t<span class=\"elementor-toggle-icon-opened\"><svg class=\"elementor-toggle-icon-opened e-font-icon-svg e-fas-caret-up\" viewBox=\"0 0 320 512\" xmlns=\"http:\/\/www.w3.org\/2000\/svg\"><path d=\"M288.662 352H31.338c-17.818 0-26.741-21.543-14.142-34.142l128.662-128.662c7.81-7.81 20.474-7.81 28.284 0l128.662 128.662c12.6 12.599 3.676 34.142-14.142 34.142z\"><\/path><\/svg><\/span>\n\t\t\t\t\t\t\t\t\t\t\t\t\t<\/span>\n\t\t\t\t\t\t\t\t\t\t\t\t<a class=\"elementor-toggle-title\" tabindex=\"0\">INFORMATION ADDITIONNELLE<\/a>\n\t\t\t\t\t<\/h6>\n\n\t\t\t\t\t<div id=\"elementor-tab-content-1632\" class=\"elementor-tab-content elementor-clearfix\" data-tab=\"2\" role=\"region\" aria-labelledby=\"elementor-tab-title-1632\"><p>Disponible dans diff\u00e9rents formats : sachet, spray, flacon, compte-gouttes, tube, etc.<\/p><\/div>\n\t\t\t\t<\/div>\n\t\t\t\t\t\t\t\t<\/div>\n\t\t\t\t\t\t<\/div>\n\t\t\t\t\t<\/div>\n\t\t<\/div>\n\t\t\t\t\t<\/div>\n\t\t<\/section>\n\t\t\t\t<section class=\"elementor-section elementor-top-section elementor-element elementor-element-adb721d elementor-section-boxed elementor-section-height-default elementor-section-height-default parallax_section_no qode_elementor_container_no\" data-id=\"adb721d\" data-element_type=\"section\" data-e-type=\"section\">\n\t\t\t\t\t\t<div class=\"elementor-container elementor-column-gap-default\">\n\t\t\t\t\t<div class=\"elementor-column elementor-col-100 elementor-top-column elementor-element elementor-element-18aa104\" data-id=\"18aa104\" data-element_type=\"column\" data-e-type=\"column\">\n\t\t\t<div class=\"elementor-widget-wrap elementor-element-populated\">\n\t\t\t\t\t\t<div class=\"elementor-element elementor-element-4d88d7e elementor-widget elementor-widget-text-editor\" data-id=\"4d88d7e\" data-element_type=\"widget\" data-e-type=\"widget\" data-widget_type=\"text-editor.default\">\n\t\t\t\t\t\t\t\t\t<p>Vous avez besoin de plus d\u2019informations.<\/p>\t\t\t\t\t\t\t\t<\/div>\n\t\t\t\t\t<\/div>\n\t\t<\/div>\n\t\t\t\t\t<\/div>\n\t\t<\/section>\n\t\t\t\t<section class=\"elementor-section elementor-top-section elementor-element elementor-element-689f44d elementor-section-boxed elementor-section-height-default elementor-section-height-default parallax_section_no qode_elementor_container_no\" data-id=\"689f44d\" data-element_type=\"section\" data-e-type=\"section\">\n\t\t\t\t\t\t<div class=\"elementor-container elementor-column-gap-default\">\n\t\t\t\t\t<div class=\"elementor-column elementor-col-100 elementor-top-column elementor-element elementor-element-dd20d9f\" data-id=\"dd20d9f\" data-element_type=\"column\" data-e-type=\"column\">\n\t\t\t<div class=\"elementor-widget-wrap elementor-element-populated\">\n\t\t\t\t\t\t<div class=\"elementor-element elementor-element-4a0ac73 elementor-widget elementor-widget-button\" data-id=\"4a0ac73\" data-element_type=\"widget\" data-e-type=\"widget\" data-widget_type=\"button.default\">\n\t\t\t\t\t\t\t\t\t\t<a class=\"elementor-button elementor-button-link elementor-size-sm\" href=\"https:\/\/cosmewax.camsec.es\/fr\/fournisseur-cosmetique\/contactez-nous\/\">\n\t\t\t\t\t\t<span class=\"elementor-button-content-wrapper\">\n\t\t\t\t\t\t\t\t\t<span class=\"elementor-button-text\">Contactez-nous<\/span>\n\t\t\t\t\t<\/span>\n\t\t\t\t\t<\/a>\n\t\t\t\t\t\t\t\t<\/div>\n\t\t\t\t\t<\/div>\n\t\t<\/div>\n\t\t\t\t\t<\/div>\n\t\t<\/section>\n\t\t\t\t<\/div>\n\t\t","protected":false},"excerpt":{"rendered":"<p>Nous proposons une large gamme de traitements pr\u00e9 et post \u00e9pilatoires avec une multitude d&rsquo;extraits innovants qui r\u00e9pondent aux diff\u00e9rents besoins de la peau.<\/p>\n<p>L&rsquo;objectif est que le soin post-cire aille au-del\u00e0 de l&rsquo;\u00e9limination des r\u00e9sidus de cire pour devenir un traitement de r\u00e9g\u00e9n\u00e9ration complet.<\/p>\n<p>Caract\u00e9ristiques du produit disponibles:<\/p>\n<p>\u00b7 Huile s\u00e8che au toucher.<br \/>\n\u00b7 Croissance des cheveux retardatrice.<br \/>\n\u00b7 Minimiseur de poils incarn\u00e9s.<br \/>\n\u00b7 Avec SPF.<br \/>\n\u00b7 Hydratant et nourrissant.<br \/>\n\u00b7 Effet calmant.<\/p>\n<p>Beaucoup plus!<\/p>\n<p>&nbsp;<\/p>\n<p><em><strong>Cosmewax &#8211; <span class=\"VIiyi\" lang=\"fr\"><span class=\"JLqJ4b ChMk0b\" data-language-for-alternatives=\"fr\" data-language-to-translate-into=\"es\" data-phrase-index=\"0\" data-number-of-phrases=\"1\"><span class=\"Q4iAWc\">Fabricant d&rsquo;huile post \u00e9pilation<\/span><\/span><\/span><\/strong><\/em><\/p>\n","protected":false},"featured_media":26648,"template":"","meta":{"_eb_attr":"","_uf_show_specific_survey":0,"_uf_disable_surveys":false},"product_brand":[],"product_cat":[360],"product_tag":[],"class_list":{"0":"post-26838","1":"product","2":"type-product","3":"status-publish","4":"has-post-thumbnail","6":"product_cat-depil-pre-post","8":"first","9":"instock","10":"virtual","11":"product-type-simple"},"yoast_head":"<!-- This site is optimized with the Yoast SEO Premium plugin v27.1 (Yoast SEO v27.3) - https:\/\/yoast.com\/product\/yoast-seo-premium-wordpress\/ -->\n<title>huile post \u00e9pilation - Cosmewax - Fabricant d&#039;\u00e9pilatoires<\/title>\n<meta name=\"description\" content=\"Fournisseur d\u2019huile post-\u00e9pilation. Nous proposons une large gamme de soins pr\u00e9 et post \u00e9pilation aux extraits innovants.\" \/>\n<meta name=\"robots\" content=\"noindex, nofollow\" \/>\n<meta name=\"twitter:card\" content=\"summary_large_image\" \/>\n<meta name=\"twitter:title\" content=\"huile post \u00e9pilation - Cosmewax - Fabricant d&#039;\u00e9pilatoires\" \/>\n<meta name=\"twitter:description\" content=\"Fournisseur d\u2019huile post-\u00e9pilation. Nous proposons une large gamme de soins pr\u00e9 et post \u00e9pilation aux extraits innovants.\" \/>\n<meta name=\"twitter:image\" content=\"https:\/\/cosmewax.camsec.es\/wp-content\/uploads\/2020\/05\/pre-and-post-depilatory-wipes.jpg\" \/>\n<meta name=\"twitter:site\" content=\"@CosmewaxSA\" \/>\n<meta name=\"twitter:label1\" content=\"Dur\u00e9e de lecture estim\u00e9e\" \/>\n\t<meta name=\"twitter:data1\" content=\"1 minute\" \/>\n<script type=\"application\/ld+json\" class=\"yoast-schema-graph\">{\"@context\":\"https:\\\/\\\/schema.org\",\"@graph\":[{\"@type\":\"WebPage\",\"@id\":\"https:\\\/\\\/cosmewax.camsec.es\\\/fr\\\/produit\\\/huiles-pre-post-epilation\\\/\",\"url\":\"https:\\\/\\\/cosmewax.camsec.es\\\/fr\\\/produit\\\/huiles-pre-post-epilation\\\/\",\"name\":\"huile post \u00e9pilation - Cosmewax - Fabricant d'\u00e9pilatoires\",\"isPartOf\":{\"@id\":\"https:\\\/\\\/cosmewax.camsec.es\\\/es\\\/#website\"},\"primaryImageOfPage\":{\"@id\":\"https:\\\/\\\/cosmewax.camsec.es\\\/fr\\\/produit\\\/huiles-pre-post-epilation\\\/#primaryimage\"},\"image\":{\"@id\":\"https:\\\/\\\/cosmewax.camsec.es\\\/fr\\\/produit\\\/huiles-pre-post-epilation\\\/#primaryimage\"},\"thumbnailUrl\":\"https:\\\/\\\/cosmewax.camsec.es\\\/wp-content\\\/uploads\\\/2020\\\/05\\\/pre-and-post-depilatory-wipes.jpg\",\"datePublished\":\"2020-05-27T08:58:56+00:00\",\"dateModified\":\"2024-11-06T11:26:52+00:00\",\"description\":\"Fournisseur d\u2019huile post-\u00e9pilation. Nous proposons une large gamme de soins pr\u00e9 et post \u00e9pilation aux extraits innovants.\",\"breadcrumb\":{\"@id\":\"https:\\\/\\\/cosmewax.camsec.es\\\/fr\\\/produit\\\/huiles-pre-post-epilation\\\/#breadcrumb\"},\"inLanguage\":\"fr-FR\",\"potentialAction\":[{\"@type\":\"ReadAction\",\"target\":[\"https:\\\/\\\/cosmewax.camsec.es\\\/fr\\\/produit\\\/huiles-pre-post-epilation\\\/\"]}]},{\"@type\":\"ImageObject\",\"inLanguage\":\"fr-FR\",\"@id\":\"https:\\\/\\\/cosmewax.camsec.es\\\/fr\\\/produit\\\/huiles-pre-post-epilation\\\/#primaryimage\",\"url\":\"https:\\\/\\\/cosmewax.camsec.es\\\/wp-content\\\/uploads\\\/2020\\\/05\\\/pre-and-post-depilatory-wipes.jpg\",\"contentUrl\":\"https:\\\/\\\/cosmewax.camsec.es\\\/wp-content\\\/uploads\\\/2020\\\/05\\\/pre-and-post-depilatory-wipes.jpg\",\"width\":800,\"height\":800,\"caption\":\"Fabricant d'huile post \u00e9pilation\"},{\"@type\":\"BreadcrumbList\",\"@id\":\"https:\\\/\\\/cosmewax.camsec.es\\\/fr\\\/produit\\\/huiles-pre-post-epilation\\\/#breadcrumb\",\"itemListElement\":[{\"@type\":\"ListItem\",\"position\":1,\"name\":\"Home\",\"item\":\"https:\\\/\\\/cosmewax.camsec.es\\\/fr\"},{\"@type\":\"ListItem\",\"position\":2,\"name\":\"Productos\",\"item\":\"https:\\\/\\\/cosmewax.camsec.es\\\/es\\\/woocommerce-shop\\\/\"},{\"@type\":\"ListItem\",\"position\":3,\"name\":\"Huile post \u00e9pilation\"}]},{\"@type\":\"WebSite\",\"@id\":\"https:\\\/\\\/cosmewax.camsec.es\\\/es\\\/#website\",\"url\":\"https:\\\/\\\/cosmewax.camsec.es\\\/es\\\/\",\"name\":\"Cosmewax\",\"description\":\"Private Label Cosmetics\",\"publisher\":{\"@id\":\"https:\\\/\\\/cosmewax.camsec.es\\\/es\\\/#organization\"},\"alternateName\":\"cmw\",\"potentialAction\":[{\"@type\":\"SearchAction\",\"target\":{\"@type\":\"EntryPoint\",\"urlTemplate\":\"https:\\\/\\\/cosmewax.camsec.es\\\/es\\\/?s={search_term_string}\"},\"query-input\":{\"@type\":\"PropertyValueSpecification\",\"valueRequired\":true,\"valueName\":\"search_term_string\"}}],\"inLanguage\":\"fr-FR\"},{\"@type\":\"Organization\",\"@id\":\"https:\\\/\\\/cosmewax.camsec.es\\\/es\\\/#organization\",\"name\":\"COSMEWAX\",\"alternateName\":\"cmw\",\"url\":\"https:\\\/\\\/cosmewax.camsec.es\\\/es\\\/\",\"logo\":{\"@type\":\"ImageObject\",\"inLanguage\":\"fr-FR\",\"@id\":\"https:\\\/\\\/cosmewax.camsec.es\\\/es\\\/#\\\/schema\\\/logo\\\/image\\\/\",\"url\":\"https:\\\/\\\/cosmewax.camsec.es\\\/wp-content\\\/uploads\\\/2026\\\/01\\\/Cosmewax-logo.png\",\"contentUrl\":\"https:\\\/\\\/cosmewax.camsec.es\\\/wp-content\\\/uploads\\\/2026\\\/01\\\/Cosmewax-logo.png\",\"width\":696,\"height\":696,\"caption\":\"COSMEWAX\"},\"image\":{\"@id\":\"https:\\\/\\\/cosmewax.camsec.es\\\/es\\\/#\\\/schema\\\/logo\\\/image\\\/\"},\"sameAs\":[\"https:\\\/\\\/x.com\\\/CosmewaxSA\",\"https:\\\/\\\/www.linkedin.com\\\/company\\\/cosmewax\\\/\",\"https:\\\/\\\/www.youtube.com\\\/channel\\\/UCWLfGt2SC_-O0acm8qRnMnQ\"],\"description\":\"With more than 60 years of experience in the cosmetics sector, Cosmewax is a leading private label cosmetics company. It is an expert in the development and manufacturing of private label skincare and hair removal products for retailers and brands. We export over 95% of our production to over 50 countries on 5 continents. We offer a comprehensive and flexible customer-oriented service: assessment, definition, design, manufacturing, delivery and project monitoring. Our two GMP-certified skincare sites exemplify our turnkey cosmetics manufacturing capabilities. Our cosmetics factories are equipped with the most advanced infrastructure and technology to guarantee our customers the highest quality skin care and hair removal products. Accordingly, this enables us to manufacture and package the widest range of cosmetics to meet market demands and customer needs. As custom label cosmetics manufacturers, our goal is to ensure the final product lives up to expectations. We take into account your timing, target cost and quality specifications to come up with creative solutions. Do you need speed? We have a constantly evolving library of cosmetic formulas for orders that require agile deliveries. Do you want exclusive products? We provide you with all our capacity for innovation to develop products that revolutionize the market. We carry out the integral design, formula + packaging. That is why our motto is: You dream, we manufacture.\",\"email\":\"info@cosmewax.camsec.es\",\"telephone\":\"+34956143302\",\"legalName\":\"Cosmewax S.A.\",\"foundingDate\":\"1960-12-02\",\"vatID\":\"A78118601\",\"numberOfEmployees\":{\"@type\":\"QuantitativeValue\",\"minValue\":\"201\",\"maxValue\":\"500\"}}]}<\/script>\n<!-- \/ Yoast SEO Premium plugin. -->","yoast_head_json":{"title":"huile post \u00e9pilation - Cosmewax - Fabricant d'\u00e9pilatoires","description":"Fournisseur d\u2019huile post-\u00e9pilation. Nous proposons une large gamme de soins pr\u00e9 et post \u00e9pilation aux extraits innovants.","robots":{"index":"noindex","follow":"nofollow"},"twitter_card":"summary_large_image","twitter_title":"huile post \u00e9pilation - Cosmewax - Fabricant d'\u00e9pilatoires","twitter_description":"Fournisseur d\u2019huile post-\u00e9pilation. Nous proposons une large gamme de soins pr\u00e9 et post \u00e9pilation aux extraits innovants.","twitter_image":"https:\/\/cosmewax.camsec.es\/wp-content\/uploads\/2020\/05\/pre-and-post-depilatory-wipes.jpg","twitter_site":"@CosmewaxSA","twitter_misc":{"Dur\u00e9e de lecture estim\u00e9e":"1 minute"},"schema":{"@context":"https:\/\/schema.org","@graph":[{"@type":"WebPage","@id":"https:\/\/cosmewax.camsec.es\/fr\/produit\/huiles-pre-post-epilation\/","url":"https:\/\/cosmewax.camsec.es\/fr\/produit\/huiles-pre-post-epilation\/","name":"huile post \u00e9pilation - Cosmewax - Fabricant d'\u00e9pilatoires","isPartOf":{"@id":"https:\/\/cosmewax.camsec.es\/es\/#website"},"primaryImageOfPage":{"@id":"https:\/\/cosmewax.camsec.es\/fr\/produit\/huiles-pre-post-epilation\/#primaryimage"},"image":{"@id":"https:\/\/cosmewax.camsec.es\/fr\/produit\/huiles-pre-post-epilation\/#primaryimage"},"thumbnailUrl":"https:\/\/cosmewax.camsec.es\/wp-content\/uploads\/2020\/05\/pre-and-post-depilatory-wipes.jpg","datePublished":"2020-05-27T08:58:56+00:00","dateModified":"2024-11-06T11:26:52+00:00","description":"Fournisseur d\u2019huile post-\u00e9pilation. Nous proposons une large gamme de soins pr\u00e9 et post \u00e9pilation aux extraits innovants.","breadcrumb":{"@id":"https:\/\/cosmewax.camsec.es\/fr\/produit\/huiles-pre-post-epilation\/#breadcrumb"},"inLanguage":"fr-FR","potentialAction":[{"@type":"ReadAction","target":["https:\/\/cosmewax.camsec.es\/fr\/produit\/huiles-pre-post-epilation\/"]}]},{"@type":"ImageObject","inLanguage":"fr-FR","@id":"https:\/\/cosmewax.camsec.es\/fr\/produit\/huiles-pre-post-epilation\/#primaryimage","url":"https:\/\/cosmewax.camsec.es\/wp-content\/uploads\/2020\/05\/pre-and-post-depilatory-wipes.jpg","contentUrl":"https:\/\/cosmewax.camsec.es\/wp-content\/uploads\/2020\/05\/pre-and-post-depilatory-wipes.jpg","width":800,"height":800,"caption":"Fabricant d'huile post \u00e9pilation"},{"@type":"BreadcrumbList","@id":"https:\/\/cosmewax.camsec.es\/fr\/produit\/huiles-pre-post-epilation\/#breadcrumb","itemListElement":[{"@type":"ListItem","position":1,"name":"Home","item":"https:\/\/cosmewax.camsec.es\/fr"},{"@type":"ListItem","position":2,"name":"Productos","item":"https:\/\/cosmewax.camsec.es\/es\/woocommerce-shop\/"},{"@type":"ListItem","position":3,"name":"Huile post \u00e9pilation"}]},{"@type":"WebSite","@id":"https:\/\/cosmewax.camsec.es\/es\/#website","url":"https:\/\/cosmewax.camsec.es\/es\/","name":"Cosmewax","description":"Private Label Cosmetics","publisher":{"@id":"https:\/\/cosmewax.camsec.es\/es\/#organization"},"alternateName":"cmw","potentialAction":[{"@type":"SearchAction","target":{"@type":"EntryPoint","urlTemplate":"https:\/\/cosmewax.camsec.es\/es\/?s={search_term_string}"},"query-input":{"@type":"PropertyValueSpecification","valueRequired":true,"valueName":"search_term_string"}}],"inLanguage":"fr-FR"},{"@type":"Organization","@id":"https:\/\/cosmewax.camsec.es\/es\/#organization","name":"COSMEWAX","alternateName":"cmw","url":"https:\/\/cosmewax.camsec.es\/es\/","logo":{"@type":"ImageObject","inLanguage":"fr-FR","@id":"https:\/\/cosmewax.camsec.es\/es\/#\/schema\/logo\/image\/","url":"https:\/\/cosmewax.camsec.es\/wp-content\/uploads\/2026\/01\/Cosmewax-logo.png","contentUrl":"https:\/\/cosmewax.camsec.es\/wp-content\/uploads\/2026\/01\/Cosmewax-logo.png","width":696,"height":696,"caption":"COSMEWAX"},"image":{"@id":"https:\/\/cosmewax.camsec.es\/es\/#\/schema\/logo\/image\/"},"sameAs":["https:\/\/x.com\/CosmewaxSA","https:\/\/www.linkedin.com\/company\/cosmewax\/","https:\/\/www.youtube.com\/channel\/UCWLfGt2SC_-O0acm8qRnMnQ"],"description":"With more than 60 years of experience in the cosmetics sector, Cosmewax is a leading private label cosmetics company. It is an expert in the development and manufacturing of private label skincare and hair removal products for retailers and brands. We export over 95% of our production to over 50 countries on 5 continents. We offer a comprehensive and flexible customer-oriented service: assessment, definition, design, manufacturing, delivery and project monitoring. Our two GMP-certified skincare sites exemplify our turnkey cosmetics manufacturing capabilities. Our cosmetics factories are equipped with the most advanced infrastructure and technology to guarantee our customers the highest quality skin care and hair removal products. Accordingly, this enables us to manufacture and package the widest range of cosmetics to meet market demands and customer needs. As custom label cosmetics manufacturers, our goal is to ensure the final product lives up to expectations. We take into account your timing, target cost and quality specifications to come up with creative solutions. Do you need speed? We have a constantly evolving library of cosmetic formulas for orders that require agile deliveries. Do you want exclusive products? We provide you with all our capacity for innovation to develop products that revolutionize the market. We carry out the integral design, formula + packaging. That is why our motto is: You dream, we manufacture.","email":"info@cosmewax.camsec.es","telephone":"+34956143302","legalName":"Cosmewax S.A.","foundingDate":"1960-12-02","vatID":"A78118601","numberOfEmployees":{"@type":"QuantitativeValue","minValue":"201","maxValue":"500"}}]}},"_links":{"self":[{"href":"https:\/\/cosmewax.camsec.es\/fr\/index.php?rest_route=\/wp\/v2\/product\/26838","targetHints":{"allow":["GET"]}}],"collection":[{"href":"https:\/\/cosmewax.camsec.es\/fr\/index.php?rest_route=\/wp\/v2\/product"}],"about":[{"href":"https:\/\/cosmewax.camsec.es\/fr\/index.php?rest_route=\/wp\/v2\/types\/product"}],"version-history":[{"count":0,"href":"https:\/\/cosmewax.camsec.es\/fr\/index.php?rest_route=\/wp\/v2\/product\/26838\/revisions"}],"wp:featuredmedia":[{"embeddable":true,"href":"https:\/\/cosmewax.camsec.es\/fr\/index.php?rest_route=\/wp\/v2\/media\/26648"}],"wp:attachment":[{"href":"https:\/\/cosmewax.camsec.es\/fr\/index.php?rest_route=%2Fwp%2Fv2%2Fmedia&parent=26838"}],"wp:term":[{"taxonomy":"product_brand","embeddable":true,"href":"https:\/\/cosmewax.camsec.es\/fr\/index.php?rest_route=%2Fwp%2Fv2%2Fproduct_brand&post=26838"},{"taxonomy":"product_cat","embeddable":true,"href":"https:\/\/cosmewax.camsec.es\/fr\/index.php?rest_route=%2Fwp%2Fv2%2Fproduct_cat&post=26838"},{"taxonomy":"product_tag","embeddable":true,"href":"https:\/\/cosmewax.camsec.es\/fr\/index.php?rest_route=%2Fwp%2Fv2%2Fproduct_tag&post=26838"}],"curies":[{"name":"wp","href":"https:\/\/api.w.org\/{rel}","templated":true}]}}