{"id":26880,"date":"2020-03-07T10:01:19","date_gmt":"2020-03-07T10:01:19","guid":{"rendered":"https:\/\/cosmewax.camsec.es\/product\/cera-caliente-en-taza\/"},"modified":"2025-12-30T12:24:24","modified_gmt":"2025-12-30T12:24:24","slug":"cire-professionnelle-mug","status":"publish","type":"product","link":"https:\/\/cosmewax.camsec.es\/fr?product=cire-professionnelle-mug","title":{"rendered":"CIRE CHAUDE EN MUG"},"content":{"rendered":"\t\t<div data-elementor-type=\"wp-post\" data-elementor-id=\"26880\" class=\"elementor elementor-26880 elementor-24806\">\n\t\t\t\t\t\t<section class=\"elementor-section elementor-top-section elementor-element elementor-element-424e994 elementor-section-boxed elementor-section-height-default elementor-section-height-default parallax_section_no qode_elementor_container_no\" data-id=\"424e994\" data-element_type=\"section\" data-e-type=\"section\">\n\t\t\t\t\t\t<div class=\"elementor-container elementor-column-gap-default\">\n\t\t\t\t\t<div class=\"elementor-column elementor-col-100 elementor-top-column elementor-element elementor-element-b1742f0\" data-id=\"b1742f0\" data-element_type=\"column\" data-e-type=\"column\">\n\t\t\t<div class=\"elementor-widget-wrap elementor-element-populated\">\n\t\t\t\t\t\t<div class=\"elementor-element elementor-element-04f6e27 elementor-widget elementor-widget-toggle\" data-id=\"04f6e27\" data-element_type=\"widget\" data-e-type=\"widget\" data-widget_type=\"toggle.default\">\n\t\t\t\t\t\t\t<div class=\"elementor-toggle\">\n\t\t\t\t\t\t\t<div class=\"elementor-toggle-item\">\n\t\t\t\t\t<h6 id=\"elementor-tab-title-5201\" class=\"elementor-tab-title\" data-tab=\"1\" role=\"button\" aria-controls=\"elementor-tab-content-5201\" aria-expanded=\"false\">\n\t\t\t\t\t\t\t\t\t\t\t\t<span class=\"elementor-toggle-icon elementor-toggle-icon-left\" aria-hidden=\"true\">\n\t\t\t\t\t\t\t\t\t\t\t\t\t\t\t<span class=\"elementor-toggle-icon-closed\"><svg class=\"e-font-icon-svg e-fas-caret-right\" viewBox=\"0 0 192 512\" xmlns=\"http:\/\/www.w3.org\/2000\/svg\"><path d=\"M0 384.662V127.338c0-17.818 21.543-26.741 34.142-14.142l128.662 128.662c7.81 7.81 7.81 20.474 0 28.284L34.142 398.804C21.543 411.404 0 402.48 0 384.662z\"><\/path><\/svg><\/span>\n\t\t\t\t\t\t\t\t<span class=\"elementor-toggle-icon-opened\"><svg class=\"elementor-toggle-icon-opened e-font-icon-svg e-fas-caret-up\" viewBox=\"0 0 320 512\" xmlns=\"http:\/\/www.w3.org\/2000\/svg\"><path d=\"M288.662 352H31.338c-17.818 0-26.741-21.543-14.142-34.142l128.662-128.662c7.81-7.81 20.474-7.81 28.284 0l128.662 128.662c12.6 12.599 3.676 34.142-14.142 34.142z\"><\/path><\/svg><\/span>\n\t\t\t\t\t\t\t\t\t\t\t\t\t<\/span>\n\t\t\t\t\t\t\t\t\t\t\t\t<a class=\"elementor-toggle-title\" tabindex=\"0\">fabricant cire mug: \u00c9l\u00e9ments de soins<\/a>\n\t\t\t\t\t<\/h6>\n\n\t\t\t\t\t<div id=\"elementor-tab-content-5201\" class=\"elementor-tab-content elementor-clearfix\" data-tab=\"1\" role=\"region\" aria-labelledby=\"elementor-tab-title-5201\"><p>Plus de risque de vous br\u00fbler du micro-ondes puisque vous savez enfin comment l&rsquo;attraper!<\/p>\n<p>Formulations naturelles disponibles<\/p>\n<p>Convient aux peaux sensibles<\/p>\n<p>Comprend des lingettes post-\u00e9pilation pour une finition parfaite.<\/p>\n<\/div>\n\t\t\t\t<\/div>\n\t\t\t\t\t\t\t<div class=\"elementor-toggle-item\">\n\t\t\t\t\t<h6 id=\"elementor-tab-title-5202\" class=\"elementor-tab-title\" data-tab=\"2\" role=\"button\" aria-controls=\"elementor-tab-content-5202\" aria-expanded=\"false\">\n\t\t\t\t\t\t\t\t\t\t\t\t<span class=\"elementor-toggle-icon elementor-toggle-icon-left\" aria-hidden=\"true\">\n\t\t\t\t\t\t\t\t\t\t\t\t\t\t\t<span class=\"elementor-toggle-icon-closed\"><svg class=\"e-font-icon-svg e-fas-caret-right\" viewBox=\"0 0 192 512\" xmlns=\"http:\/\/www.w3.org\/2000\/svg\"><path d=\"M0 384.662V127.338c0-17.818 21.543-26.741 34.142-14.142l128.662 128.662c7.81 7.81 7.81 20.474 0 28.284L34.142 398.804C21.543 411.404 0 402.48 0 384.662z\"><\/path><\/svg><\/span>\n\t\t\t\t\t\t\t\t<span class=\"elementor-toggle-icon-opened\"><svg class=\"elementor-toggle-icon-opened e-font-icon-svg e-fas-caret-up\" viewBox=\"0 0 320 512\" xmlns=\"http:\/\/www.w3.org\/2000\/svg\"><path d=\"M288.662 352H31.338c-17.818 0-26.741-21.543-14.142-34.142l128.662-128.662c7.81-7.81 20.474-7.81 28.284 0l128.662 128.662c12.6 12.599 3.676 34.142-14.142 34.142z\"><\/path><\/svg><\/span>\n\t\t\t\t\t\t\t\t\t\t\t\t\t<\/span>\n\t\t\t\t\t\t\t\t\t\t\t\t<a class=\"elementor-toggle-title\" tabindex=\"0\">Information additionnelle<\/a>\n\t\t\t\t\t<\/h6>\n\n\t\t\t\t\t<div id=\"elementor-tab-content-5202\" class=\"elementor-tab-content elementor-clearfix\" data-tab=\"2\" role=\"region\" aria-labelledby=\"elementor-tab-title-5202\"><p>Disponible pour les cires chaudes, les cires au sucre et la cire cr\u00e9meuse.<\/p>\n<p>Des formules hautement personnalisables, avec une large gamme d&rsquo;extraits, de parfums et de couleurs pour adapter le produit \u00e0 vos besoins et \u00e0 votre propre identit\u00e9 de marque.<\/p>\n<\/div>\n\t\t\t\t<\/div>\n\t\t\t\t\t\t\t\t<\/div>\n\t\t\t\t\t\t<\/div>\n\t\t\t\t\t<\/div>\n\t\t<\/div>\n\t\t\t\t\t<\/div>\n\t\t<\/section>\n\t\t\t\t<section class=\"elementor-section elementor-top-section elementor-element elementor-element-c0ed119 elementor-section-boxed elementor-section-height-default elementor-section-height-default parallax_section_no qode_elementor_container_no\" data-id=\"c0ed119\" data-element_type=\"section\" data-e-type=\"section\">\n\t\t\t\t\t\t<div class=\"elementor-container elementor-column-gap-default\">\n\t\t\t\t\t<div class=\"elementor-column elementor-col-100 elementor-top-column elementor-element elementor-element-2f2cde4\" data-id=\"2f2cde4\" data-element_type=\"column\" data-e-type=\"column\">\n\t\t\t<div class=\"elementor-widget-wrap elementor-element-populated\">\n\t\t\t\t\t\t<div class=\"elementor-element elementor-element-95c2ad9 elementor-widget elementor-widget-text-editor\" data-id=\"95c2ad9\" data-element_type=\"widget\" data-e-type=\"widget\" data-widget_type=\"text-editor.default\">\n\t\t\t\t\t\t\t\t\t<p>Vous avez besoin de plus d\u2019informations.<\/p>\t\t\t\t\t\t\t\t<\/div>\n\t\t\t\t\t<\/div>\n\t\t<\/div>\n\t\t\t\t\t<\/div>\n\t\t<\/section>\n\t\t\t\t<section class=\"elementor-section elementor-top-section elementor-element elementor-element-d6ea55a elementor-section-boxed elementor-section-height-default elementor-section-height-default parallax_section_no qode_elementor_container_no\" data-id=\"d6ea55a\" data-element_type=\"section\" data-e-type=\"section\">\n\t\t\t\t\t\t<div class=\"elementor-container elementor-column-gap-default\">\n\t\t\t\t\t<div class=\"elementor-column elementor-col-100 elementor-top-column elementor-element elementor-element-96339da\" data-id=\"96339da\" data-element_type=\"column\" data-e-type=\"column\">\n\t\t\t<div class=\"elementor-widget-wrap elementor-element-populated\">\n\t\t\t\t\t\t<div class=\"elementor-element elementor-element-21613fe elementor-widget elementor-widget-button\" data-id=\"21613fe\" data-element_type=\"widget\" data-e-type=\"widget\" data-widget_type=\"button.default\">\n\t\t\t\t\t\t\t\t\t\t<a class=\"elementor-button elementor-button-link elementor-size-sm\" href=\"https:\/\/cosmewax.camsec.es\/fr\/fournisseur-cosmetique\/contactez-nous\/\">\n\t\t\t\t\t\t<span class=\"elementor-button-content-wrapper\">\n\t\t\t\t\t\t\t\t\t<span class=\"elementor-button-text\">Contactez-nous<\/span>\n\t\t\t\t\t<\/span>\n\t\t\t\t\t<\/a>\n\t\t\t\t\t\t\t\t<\/div>\n\t\t\t\t\t<\/div>\n\t\t<\/div>\n\t\t\t\t\t<\/div>\n\t\t<\/section>\n\t\t\t\t<\/div>\n\t\t","protected":false},"excerpt":{"rendered":"<p data-start=\"270\" data-end=\"563\"><strong data-start=\"270\" data-end=\"332\">Cosmewax est fabricant de cire chaude en mug professionnel<\/strong> et d\u00e9veloppe des solutions innovantes de <strong data-start=\"374\" data-end=\"427\">cire chaude pour marques priv\u00e9es et distributeurs<\/strong>. Con\u00e7ue pour am\u00e9liorer la s\u00e9curit\u00e9 et l\u2019ergonomie d\u2019utilisation, cette cire chaude en mug r\u00e9pond aux exigences du march\u00e9 professionnel.<\/p>\n<p data-start=\"565\" data-end=\"815\">Contrairement aux contenants traditionnels, le <strong data-start=\"612\" data-end=\"643\">mug avec manche ergonomique<\/strong> permet une prise en main s\u00fbre et confortable apr\u00e8s le chauffage au micro-ondes, r\u00e9duisant significativement les risques de br\u00fblures et am\u00e9liorant l\u2019exp\u00e9rience utilisateur.<\/p>\n<p data-start=\"817\" data-end=\"1066\">La <strong data-start=\"820\" data-end=\"866\">formulation professionnelle de cire chaude<\/strong> est <strong data-start=\"871\" data-end=\"892\">facile \u00e0 utiliser<\/strong>, se <strong data-start=\"897\" data-end=\"946\">r\u00e9chauffe en quelques secondes au micro-ondes<\/strong> et <strong data-start=\"950\" data-end=\"980\">ne n\u00e9cessite pas de bandes<\/strong> pour l\u2019\u00e9pilation, optimisant ainsi l\u2019efficacit\u00e9 du produit et le temps d\u2019application.<\/p>\n<p data-start=\"1068\" data-end=\"1309\">En tant que <strong data-start=\"1080\" data-end=\"1112\">fabricant B2B de cire chaude<\/strong>, Cosmewax propose des <strong data-start=\"1135\" data-end=\"1259\">solutions de marque blanche, un d\u00e9veloppement sur mesure, une production industrielle et un accompagnement r\u00e9glementaire<\/strong>, adapt\u00e9s aux besoins des marques internationales.<\/p>\n<p data-start=\"1311\" data-end=\"1378\"><strong data-start=\"1311\" data-end=\"1378\">Cosmewax \u2013 Fabricant de cire chaude en mug pour marques priv\u00e9es<\/strong><\/p>\n","protected":false},"featured_media":26600,"template":"","meta":{"_eb_attr":"","_uf_show_specific_survey":0,"_uf_disable_surveys":false},"product_brand":[],"product_cat":[358],"product_tag":[393,405,392,390,391,394,415,417,412],"class_list":{"0":"post-26880","1":"product","2":"type-product","3":"status-publish","4":"has-post-thumbnail","6":"product_cat-cire-chaude","7":"product_tag-cosmewax-cosmetics-fr","8":"product_tag-cosmewax-depilation-fr","9":"product_tag-cosmewax-hair-removal-fr","10":"product_tag-cosmewax-private-label-fr","11":"product_tag-cosmewax-products-fr","12":"product_tag-cosmewax-waxing-fr","13":"product_tag-hot-wax-fr","14":"product_tag-hot-wax-cup-fr","15":"product_tag-professional-waxing-fr","17":"first","18":"instock","19":"virtual","20":"product-type-simple"},"yoast_head":"<!-- This site is optimized with the Yoast SEO Premium plugin v27.1 (Yoast SEO v27.3) - https:\/\/yoast.com\/product\/yoast-seo-premium-wordpress\/ -->\n<title>Fabricant de cire chaude en mug - Cosmewax<\/title>\n<meta name=\"description\" content=\"Cosmewax est un fabricant de cire chaude en mug. Sa poign\u00e9e permet une prise en main parfaite, ce qui am\u00e9liore l&#039;exp\u00e9rience utilisateur.\" \/>\n<meta name=\"robots\" content=\"noindex, follow, max-snippet:-1, max-image-preview:large, max-video-preview:-1\" \/>\n<meta name=\"twitter:card\" content=\"summary_large_image\" \/>\n<meta name=\"twitter:title\" content=\"Fabricant de cire chaude en mug - Cosmewax\" \/>\n<meta name=\"twitter:description\" content=\"Cosmewax est un fabricant de cire chaude en mug. Sa poign\u00e9e permet une prise en main parfaite, ce qui am\u00e9liore l&#039;exp\u00e9rience utilisateur.\" \/>\n<meta name=\"twitter:image\" content=\"https:\/\/cosmewax.camsec.es\/wp-content\/uploads\/2020\/05\/HOT-WAX-CUP.jpg\" \/>\n<meta name=\"twitter:site\" content=\"@CosmewaxSA\" \/>\n<meta name=\"twitter:label1\" content=\"Dur\u00e9e de lecture estim\u00e9e\" \/>\n\t<meta name=\"twitter:data1\" content=\"1 minute\" \/>\n<script type=\"application\/ld+json\" class=\"yoast-schema-graph\">{\"@context\":\"https:\\\/\\\/schema.org\",\"@graph\":[{\"@type\":\"WebPage\",\"@id\":\"https:\\\/\\\/cosmewax.camsec.es\\\/fr\\\/produit\\\/cire-professionnelle-mug\\\/\",\"url\":\"https:\\\/\\\/cosmewax.camsec.es\\\/fr\\\/produit\\\/cire-professionnelle-mug\\\/\",\"name\":\"Fabricant de cire chaude en mug - Cosmewax\",\"isPartOf\":{\"@id\":\"https:\\\/\\\/cosmewax.camsec.es\\\/es\\\/#website\"},\"primaryImageOfPage\":{\"@id\":\"https:\\\/\\\/cosmewax.camsec.es\\\/fr\\\/produit\\\/cire-professionnelle-mug\\\/#primaryimage\"},\"image\":{\"@id\":\"https:\\\/\\\/cosmewax.camsec.es\\\/fr\\\/produit\\\/cire-professionnelle-mug\\\/#primaryimage\"},\"thumbnailUrl\":\"https:\\\/\\\/cosmewax.camsec.es\\\/wp-content\\\/uploads\\\/2020\\\/05\\\/HOT-WAX-CUP.jpg\",\"datePublished\":\"2020-03-07T10:01:19+00:00\",\"dateModified\":\"2025-12-30T12:24:24+00:00\",\"description\":\"Cosmewax est un fabricant de cire chaude en mug. Sa poign\u00e9e permet une prise en main parfaite, ce qui am\u00e9liore l'exp\u00e9rience utilisateur.\",\"breadcrumb\":{\"@id\":\"https:\\\/\\\/cosmewax.camsec.es\\\/fr\\\/produit\\\/cire-professionnelle-mug\\\/#breadcrumb\"},\"inLanguage\":\"fr-FR\",\"potentialAction\":[{\"@type\":\"ReadAction\",\"target\":[\"https:\\\/\\\/cosmewax.camsec.es\\\/fr\\\/produit\\\/cire-professionnelle-mug\\\/\"]}]},{\"@type\":\"ImageObject\",\"inLanguage\":\"fr-FR\",\"@id\":\"https:\\\/\\\/cosmewax.camsec.es\\\/fr\\\/produit\\\/cire-professionnelle-mug\\\/#primaryimage\",\"url\":\"https:\\\/\\\/cosmewax.camsec.es\\\/wp-content\\\/uploads\\\/2020\\\/05\\\/HOT-WAX-CUP.jpg\",\"contentUrl\":\"https:\\\/\\\/cosmewax.camsec.es\\\/wp-content\\\/uploads\\\/2020\\\/05\\\/HOT-WAX-CUP.jpg\",\"width\":1600,\"height\":1600,\"caption\":\"Fabricant de cire chaude en mug\"},{\"@type\":\"BreadcrumbList\",\"@id\":\"https:\\\/\\\/cosmewax.camsec.es\\\/fr\\\/produit\\\/cire-professionnelle-mug\\\/#breadcrumb\",\"itemListElement\":[{\"@type\":\"ListItem\",\"position\":1,\"name\":\"Home\",\"item\":\"https:\\\/\\\/cosmewax.camsec.es\\\/fr\"},{\"@type\":\"ListItem\",\"position\":2,\"name\":\"Productos\",\"item\":\"https:\\\/\\\/cosmewax.camsec.es\\\/es\\\/woocommerce-shop\\\/\"},{\"@type\":\"ListItem\",\"position\":3,\"name\":\"CIRE CHAUDE EN MUG\"}]},{\"@type\":\"WebSite\",\"@id\":\"https:\\\/\\\/cosmewax.camsec.es\\\/es\\\/#website\",\"url\":\"https:\\\/\\\/cosmewax.camsec.es\\\/es\\\/\",\"name\":\"Cosmewax\",\"description\":\"Private Label Cosmetics\",\"publisher\":{\"@id\":\"https:\\\/\\\/cosmewax.camsec.es\\\/es\\\/#organization\"},\"alternateName\":\"cmw\",\"potentialAction\":[{\"@type\":\"SearchAction\",\"target\":{\"@type\":\"EntryPoint\",\"urlTemplate\":\"https:\\\/\\\/cosmewax.camsec.es\\\/es\\\/?s={search_term_string}\"},\"query-input\":{\"@type\":\"PropertyValueSpecification\",\"valueRequired\":true,\"valueName\":\"search_term_string\"}}],\"inLanguage\":\"fr-FR\"},{\"@type\":\"Organization\",\"@id\":\"https:\\\/\\\/cosmewax.camsec.es\\\/es\\\/#organization\",\"name\":\"COSMEWAX\",\"alternateName\":\"cmw\",\"url\":\"https:\\\/\\\/cosmewax.camsec.es\\\/es\\\/\",\"logo\":{\"@type\":\"ImageObject\",\"inLanguage\":\"fr-FR\",\"@id\":\"https:\\\/\\\/cosmewax.camsec.es\\\/es\\\/#\\\/schema\\\/logo\\\/image\\\/\",\"url\":\"https:\\\/\\\/cosmewax.camsec.es\\\/wp-content\\\/uploads\\\/2026\\\/01\\\/Cosmewax-logo.png\",\"contentUrl\":\"https:\\\/\\\/cosmewax.camsec.es\\\/wp-content\\\/uploads\\\/2026\\\/01\\\/Cosmewax-logo.png\",\"width\":696,\"height\":696,\"caption\":\"COSMEWAX\"},\"image\":{\"@id\":\"https:\\\/\\\/cosmewax.camsec.es\\\/es\\\/#\\\/schema\\\/logo\\\/image\\\/\"},\"sameAs\":[\"https:\\\/\\\/x.com\\\/CosmewaxSA\",\"https:\\\/\\\/www.linkedin.com\\\/company\\\/cosmewax\\\/\",\"https:\\\/\\\/www.youtube.com\\\/channel\\\/UCWLfGt2SC_-O0acm8qRnMnQ\"],\"description\":\"With more than 60 years of experience in the cosmetics sector, Cosmewax is a leading private label cosmetics company. It is an expert in the development and manufacturing of private label skincare and hair removal products for retailers and brands. We export over 95% of our production to over 50 countries on 5 continents. We offer a comprehensive and flexible customer-oriented service: assessment, definition, design, manufacturing, delivery and project monitoring. Our two GMP-certified skincare sites exemplify our turnkey cosmetics manufacturing capabilities. Our cosmetics factories are equipped with the most advanced infrastructure and technology to guarantee our customers the highest quality skin care and hair removal products. Accordingly, this enables us to manufacture and package the widest range of cosmetics to meet market demands and customer needs. As custom label cosmetics manufacturers, our goal is to ensure the final product lives up to expectations. We take into account your timing, target cost and quality specifications to come up with creative solutions. Do you need speed? We have a constantly evolving library of cosmetic formulas for orders that require agile deliveries. Do you want exclusive products? We provide you with all our capacity for innovation to develop products that revolutionize the market. We carry out the integral design, formula + packaging. That is why our motto is: You dream, we manufacture.\",\"email\":\"info@cosmewax.camsec.es\",\"telephone\":\"+34956143302\",\"legalName\":\"Cosmewax S.A.\",\"foundingDate\":\"1960-12-02\",\"vatID\":\"A78118601\",\"numberOfEmployees\":{\"@type\":\"QuantitativeValue\",\"minValue\":\"201\",\"maxValue\":\"500\"}}]}<\/script>\n<!-- \/ Yoast SEO Premium plugin. -->","yoast_head_json":{"title":"Fabricant de cire chaude en mug - Cosmewax","description":"Cosmewax est un fabricant de cire chaude en mug. Sa poign\u00e9e permet une prise en main parfaite, ce qui am\u00e9liore l'exp\u00e9rience utilisateur.","robots":{"index":"noindex","follow":"follow","max-snippet":"max-snippet:-1","max-image-preview":"max-image-preview:large","max-video-preview":"max-video-preview:-1"},"twitter_card":"summary_large_image","twitter_title":"Fabricant de cire chaude en mug - Cosmewax","twitter_description":"Cosmewax est un fabricant de cire chaude en mug. Sa poign\u00e9e permet une prise en main parfaite, ce qui am\u00e9liore l'exp\u00e9rience utilisateur.","twitter_image":"https:\/\/cosmewax.camsec.es\/wp-content\/uploads\/2020\/05\/HOT-WAX-CUP.jpg","twitter_site":"@CosmewaxSA","twitter_misc":{"Dur\u00e9e de lecture estim\u00e9e":"1 minute"},"schema":{"@context":"https:\/\/schema.org","@graph":[{"@type":"WebPage","@id":"https:\/\/cosmewax.camsec.es\/fr\/produit\/cire-professionnelle-mug\/","url":"https:\/\/cosmewax.camsec.es\/fr\/produit\/cire-professionnelle-mug\/","name":"Fabricant de cire chaude en mug - Cosmewax","isPartOf":{"@id":"https:\/\/cosmewax.camsec.es\/es\/#website"},"primaryImageOfPage":{"@id":"https:\/\/cosmewax.camsec.es\/fr\/produit\/cire-professionnelle-mug\/#primaryimage"},"image":{"@id":"https:\/\/cosmewax.camsec.es\/fr\/produit\/cire-professionnelle-mug\/#primaryimage"},"thumbnailUrl":"https:\/\/cosmewax.camsec.es\/wp-content\/uploads\/2020\/05\/HOT-WAX-CUP.jpg","datePublished":"2020-03-07T10:01:19+00:00","dateModified":"2025-12-30T12:24:24+00:00","description":"Cosmewax est un fabricant de cire chaude en mug. Sa poign\u00e9e permet une prise en main parfaite, ce qui am\u00e9liore l'exp\u00e9rience utilisateur.","breadcrumb":{"@id":"https:\/\/cosmewax.camsec.es\/fr\/produit\/cire-professionnelle-mug\/#breadcrumb"},"inLanguage":"fr-FR","potentialAction":[{"@type":"ReadAction","target":["https:\/\/cosmewax.camsec.es\/fr\/produit\/cire-professionnelle-mug\/"]}]},{"@type":"ImageObject","inLanguage":"fr-FR","@id":"https:\/\/cosmewax.camsec.es\/fr\/produit\/cire-professionnelle-mug\/#primaryimage","url":"https:\/\/cosmewax.camsec.es\/wp-content\/uploads\/2020\/05\/HOT-WAX-CUP.jpg","contentUrl":"https:\/\/cosmewax.camsec.es\/wp-content\/uploads\/2020\/05\/HOT-WAX-CUP.jpg","width":1600,"height":1600,"caption":"Fabricant de cire chaude en mug"},{"@type":"BreadcrumbList","@id":"https:\/\/cosmewax.camsec.es\/fr\/produit\/cire-professionnelle-mug\/#breadcrumb","itemListElement":[{"@type":"ListItem","position":1,"name":"Home","item":"https:\/\/cosmewax.camsec.es\/fr"},{"@type":"ListItem","position":2,"name":"Productos","item":"https:\/\/cosmewax.camsec.es\/es\/woocommerce-shop\/"},{"@type":"ListItem","position":3,"name":"CIRE CHAUDE EN MUG"}]},{"@type":"WebSite","@id":"https:\/\/cosmewax.camsec.es\/es\/#website","url":"https:\/\/cosmewax.camsec.es\/es\/","name":"Cosmewax","description":"Private Label Cosmetics","publisher":{"@id":"https:\/\/cosmewax.camsec.es\/es\/#organization"},"alternateName":"cmw","potentialAction":[{"@type":"SearchAction","target":{"@type":"EntryPoint","urlTemplate":"https:\/\/cosmewax.camsec.es\/es\/?s={search_term_string}"},"query-input":{"@type":"PropertyValueSpecification","valueRequired":true,"valueName":"search_term_string"}}],"inLanguage":"fr-FR"},{"@type":"Organization","@id":"https:\/\/cosmewax.camsec.es\/es\/#organization","name":"COSMEWAX","alternateName":"cmw","url":"https:\/\/cosmewax.camsec.es\/es\/","logo":{"@type":"ImageObject","inLanguage":"fr-FR","@id":"https:\/\/cosmewax.camsec.es\/es\/#\/schema\/logo\/image\/","url":"https:\/\/cosmewax.camsec.es\/wp-content\/uploads\/2026\/01\/Cosmewax-logo.png","contentUrl":"https:\/\/cosmewax.camsec.es\/wp-content\/uploads\/2026\/01\/Cosmewax-logo.png","width":696,"height":696,"caption":"COSMEWAX"},"image":{"@id":"https:\/\/cosmewax.camsec.es\/es\/#\/schema\/logo\/image\/"},"sameAs":["https:\/\/x.com\/CosmewaxSA","https:\/\/www.linkedin.com\/company\/cosmewax\/","https:\/\/www.youtube.com\/channel\/UCWLfGt2SC_-O0acm8qRnMnQ"],"description":"With more than 60 years of experience in the cosmetics sector, Cosmewax is a leading private label cosmetics company. It is an expert in the development and manufacturing of private label skincare and hair removal products for retailers and brands. We export over 95% of our production to over 50 countries on 5 continents. We offer a comprehensive and flexible customer-oriented service: assessment, definition, design, manufacturing, delivery and project monitoring. Our two GMP-certified skincare sites exemplify our turnkey cosmetics manufacturing capabilities. Our cosmetics factories are equipped with the most advanced infrastructure and technology to guarantee our customers the highest quality skin care and hair removal products. Accordingly, this enables us to manufacture and package the widest range of cosmetics to meet market demands and customer needs. As custom label cosmetics manufacturers, our goal is to ensure the final product lives up to expectations. We take into account your timing, target cost and quality specifications to come up with creative solutions. Do you need speed? We have a constantly evolving library of cosmetic formulas for orders that require agile deliveries. Do you want exclusive products? We provide you with all our capacity for innovation to develop products that revolutionize the market. We carry out the integral design, formula + packaging. That is why our motto is: You dream, we manufacture.","email":"info@cosmewax.camsec.es","telephone":"+34956143302","legalName":"Cosmewax S.A.","foundingDate":"1960-12-02","vatID":"A78118601","numberOfEmployees":{"@type":"QuantitativeValue","minValue":"201","maxValue":"500"}}]}},"_links":{"self":[{"href":"https:\/\/cosmewax.camsec.es\/fr\/index.php?rest_route=\/wp\/v2\/product\/26880","targetHints":{"allow":["GET"]}}],"collection":[{"href":"https:\/\/cosmewax.camsec.es\/fr\/index.php?rest_route=\/wp\/v2\/product"}],"about":[{"href":"https:\/\/cosmewax.camsec.es\/fr\/index.php?rest_route=\/wp\/v2\/types\/product"}],"version-history":[{"count":2,"href":"https:\/\/cosmewax.camsec.es\/fr\/index.php?rest_route=\/wp\/v2\/product\/26880\/revisions"}],"predecessor-version":[{"id":37198,"href":"https:\/\/cosmewax.camsec.es\/fr\/index.php?rest_route=\/wp\/v2\/product\/26880\/revisions\/37198"}],"wp:featuredmedia":[{"embeddable":true,"href":"https:\/\/cosmewax.camsec.es\/fr\/index.php?rest_route=\/wp\/v2\/media\/26600"}],"wp:attachment":[{"href":"https:\/\/cosmewax.camsec.es\/fr\/index.php?rest_route=%2Fwp%2Fv2%2Fmedia&parent=26880"}],"wp:term":[{"taxonomy":"product_brand","embeddable":true,"href":"https:\/\/cosmewax.camsec.es\/fr\/index.php?rest_route=%2Fwp%2Fv2%2Fproduct_brand&post=26880"},{"taxonomy":"product_cat","embeddable":true,"href":"https:\/\/cosmewax.camsec.es\/fr\/index.php?rest_route=%2Fwp%2Fv2%2Fproduct_cat&post=26880"},{"taxonomy":"product_tag","embeddable":true,"href":"https:\/\/cosmewax.camsec.es\/fr\/index.php?rest_route=%2Fwp%2Fv2%2Fproduct_tag&post=26880"}],"curies":[{"name":"wp","href":"https:\/\/api.w.org\/{rel}","templated":true}]}}